{"id":1068,"date":"2021-06-11T10:03:37","date_gmt":"2021-06-11T08:03:37","guid":{"rendered":"https:\/\/triasli.loftmynd.com\/home\/"},"modified":"2023-02-02T12:32:24","modified_gmt":"2023-02-02T11:32:24","slug":"home","status":"publish","type":"page","link":"https:\/\/trias-solutions.li\/fr\/","title":{"rendered":"TRIAS Solutions"},"content":{"rendered":"\t\t<div data-elementor-type=\"wp-page\" data-elementor-id=\"1068\" class=\"elementor elementor-1068 elementor-429\" data-elementor-post-type=\"page\">\n\t\t\t\t\t\t\t\t\t<section data-particle_enable=\"false\" data-particle-mobile-disabled=\"false\" class=\"wd-negative-gap elementor-section elementor-top-section elementor-element elementor-element-7147fc9 elementor-section-stretched elementor-section-boxed elementor-section-height-default elementor-section-height-default wd-section-disabled\" data-id=\"7147fc9\" data-element_type=\"section\" data-settings=\"{&quot;stretch_section&quot;:&quot;section-stretched&quot;}\">\n\t\t\t\t\t\t<div class=\"elementor-container elementor-column-gap-default\">\n\t\t\t\t\t<div class=\"elementor-column elementor-col-100 elementor-top-column elementor-element elementor-element-1acceed\" data-id=\"1acceed\" data-element_type=\"column\">\n\t\t\t<div class=\"elementor-widget-wrap elementor-element-populated\">\n\t\t\t\t\t\t\t\t\t<link rel=\"stylesheet\" id=\"wd-animations-css\" href=\"https:\/\/trias-solutions.li\/wp-content\/themes\/woodmart\/css\/parts\/mod-animations.min.css?ver=7.0.4\" type=\"text\/css\" media=\"all\" \/> \t\t\t\t\t<div class=\"elementor-element elementor-element-db153db elementor--h-position-left elementor--v-position-bottom wd-animation-slide-from-top wd-animation-slow elementor-arrows-position-inside elementor-pagination-position-inside elementor-widget elementor-widget-slides\" data-id=\"db153db\" data-element_type=\"widget\" data-settings=\"{&quot;autoplay_speed&quot;:8000,&quot;transition&quot;:&quot;fade&quot;,&quot;transition_speed&quot;:1000,&quot;navigation&quot;:&quot;both&quot;,&quot;autoplay&quot;:&quot;yes&quot;,&quot;infinite&quot;:&quot;yes&quot;}\" data-widget_type=\"slides.default\">\n\t\t\t\t<div class=\"elementor-widget-container\">\n\t\t\t<style>\/*! elementor-pro - v3.17.0 - 01-11-2023 *\/\n.elementor-slides .swiper-slide-bg{background-size:cover;background-position:50%;background-repeat:no-repeat;min-width:100%;min-height:100%}.elementor-slides .swiper-slide-inner{background-repeat:no-repeat;background-position:50%;position:absolute;top:0;left:0;bottom:0;right:0;padding:50px;margin:auto}.elementor-slides .swiper-slide-inner,.elementor-slides .swiper-slide-inner:hover{color:#fff;display:flex}.elementor-slides .swiper-slide-inner .elementor-background-overlay{position:absolute;z-index:0;top:0;bottom:0;left:0;right:0}.elementor-slides .swiper-slide-inner .elementor-slide-content{position:relative;z-index:1;width:100%}.elementor-slides .swiper-slide-inner .elementor-slide-heading{font-size:35px;font-weight:700;line-height:1}.elementor-slides .swiper-slide-inner .elementor-slide-description{font-size:17px;line-height:1.4}.elementor-slides .swiper-slide-inner .elementor-slide-description:not(:last-child),.elementor-slides .swiper-slide-inner .elementor-slide-heading:not(:last-child){margin-bottom:30px}.elementor-slides .swiper-slide-inner .elementor-slide-button{border:2px solid #fff;color:#fff;background:transparent;display:inline-block}.elementor-slides .swiper-slide-inner .elementor-slide-button,.elementor-slides .swiper-slide-inner .elementor-slide-button:hover{background:transparent;color:inherit;text-decoration:none}.elementor--v-position-top .swiper-slide-inner{align-items:flex-start}.elementor--v-position-bottom .swiper-slide-inner{align-items:flex-end}.elementor--v-position-middle .swiper-slide-inner{align-items:center}.elementor--h-position-left .swiper-slide-inner{justify-content:flex-start}.elementor--h-position-right .swiper-slide-inner{justify-content:flex-end}.elementor--h-position-center .swiper-slide-inner{justify-content:center}body.rtl .elementor-widget-slides .elementor-swiper-button-next{left:10px;right:auto}body.rtl .elementor-widget-slides .elementor-swiper-button-prev{right:10px;left:auto}.elementor-slides-wrapper div:not(.swiper-slide)>.swiper-slide-inner{display:none}@media (max-width:767px){.elementor-slides .swiper-slide-inner{padding:30px}.elementor-slides .swiper-slide-inner .elementor-slide-heading{font-size:23px;line-height:1;margin-bottom:15px}.elementor-slides .swiper-slide-inner .elementor-slide-description{font-size:13px;line-height:1.4;margin-bottom:15px}}<\/style>\t\t<div class=\"elementor-swiper\">\n\t\t\t<div class=\"elementor-slides-wrapper elementor-main-swiper swiper-container\" dir=\"ltr\" data-animation=\"fadeInLeft\">\n\t\t\t\t<div class=\"swiper-wrapper elementor-slides\">\n\t\t\t\t\t\t\t\t\t\t<div class=\"elementor-repeater-item-751a94f swiper-slide\"><div class=\"swiper-slide-bg\" role=\"img\"><\/div><div class=\"elementor-background-overlay\"><\/div><div class=\"swiper-slide-inner\" ><div class=\"swiper-slide-contents\"><div class=\"elementor-slide-heading\">TRIAS Solutions<\/div><div class=\"elementor-slide-description\">TRIAS\u00a0Solutions est une entreprise active \u00e0 l\u2019\u00e9chelle <br>internationale qui propose des solutions haut de<br> gamme personnalis\u00e9es et efficaces dans le domaine <br>de la s\u00e9curit\u00e9 et de l\u2019investigation.<\/div><a href=\"https:\/\/trias-solutions.li\/fr\/a-propos\/\" class=\"elementor-button elementor-slide-button elementor-size-md\">En savoir plus sur TRIAS Solutions<\/a><\/div><\/div><\/div><div class=\"elementor-repeater-item-913d944 swiper-slide\"><div class=\"swiper-slide-bg\" role=\"img\"><\/div><div class=\"elementor-background-overlay\"><\/div><div class=\"swiper-slide-inner\" ><div class=\"swiper-slide-contents\"><div class=\"elementor-slide-heading\">D\u00e9tectives priv\u00e9s au service des particuliers <\/div><div class=\"elementor-slide-description\">Dans le secteur priv\u00e9, nous intervenons principalement dans des cas de d\u00e9lits non r\u00e9solus, d\u2019obtention de preuves dans le cadre familial, de recherche et de surveillance de personnes.<\/div><a href=\"https:\/\/trias-solutions.li\/fr\/prestations\/detectives-prives-au-service-des-particuliers\/\" class=\"elementor-button elementor-slide-button elementor-size-md\">En savoir plus sur les enqu\u00eates pour particuliers<\/a><\/div><\/div><\/div><div class=\"elementor-repeater-item-90f0cbb swiper-slide\"><div class=\"swiper-slide-bg\" role=\"img\"><\/div><div class=\"elementor-background-overlay\"><\/div><div class=\"swiper-slide-inner\" ><div class=\"swiper-slide-contents\"><div class=\"elementor-slide-heading\">D\u00e9tectives priv\u00e9s dans le domaine commercial <\/div><div class=\"elementor-slide-description\">En tant qu\u2019agence de d\u00e9tectives active dans le domaine commercial, TRIAS Solutions r\u00e9alise des enqu\u00eates commerciales et intervient en cas d\u2019espionnage industriel, d\u2019actes de concurrence d\u00e9loyale et d\u2019atteinte au cr\u00e9dit.<\/div><a href=\"https:\/\/trias-solutions.li\/fr\/prestations\/detectives-prives-dans-le-domaine-commercial\/\" class=\"elementor-button elementor-slide-button elementor-size-md\">En savoir plus sur les enqu\u00eates commerciales<\/a><\/div><\/div><\/div><div class=\"elementor-repeater-item-5f4116b swiper-slide\"><div class=\"swiper-slide-bg\" role=\"img\"><\/div><div class=\"elementor-background-overlay\"><\/div><div class=\"swiper-slide-inner\" ><div class=\"swiper-slide-contents\"><div class=\"elementor-slide-heading\">Protection rapproch\u00e9e et Protective Intelligence (PI) <\/div><div class=\"elementor-slide-description\">Ces prestations comprennent des mesures de s\u00e9curit\u00e9 ponctuelles ou globales pour la protection de personnes dans le cadre priv\u00e9 ou professionnel. \nLa Protective Intelligence (PI) est une branche essentielle de la protection rapproch\u00e9e. Il s\u2019agit d\u2019une m\u00e9thode proactive permettant l\u2019identification, l\u2019\u00e9valuation et la limitation de menaces potentielles. <\/div><a href=\"https:\/\/trias-solutions.li\/fr\/prestations\/protection-rapprochee-pi\/\" class=\"elementor-button elementor-slide-button elementor-size-md\">En savoir plus sur la protection rapproch\u00e9e et la PI<\/a><\/div><\/div><\/div><div class=\"elementor-repeater-item-e0f3a86 swiper-slide\"><div class=\"swiper-slide-bg\" role=\"img\"><\/div><div class=\"elementor-background-overlay\"><\/div><div class=\"swiper-slide-inner\" ><div class=\"swiper-slide-contents\"><div class=\"elementor-slide-heading\">Technologies de s\u00e9curit\u00e9 et protection contre la mise sur \u00e9coute <\/div><div class=\"elementor-slide-description\">La protection contre la mise sur \u00e9coute repr\u00e9sente un volet essentiel de la s\u00e9curit\u00e9 g\u00e9n\u00e9rale d\u2019une entreprise. Nous travaillons avec nos clients pour d\u00e9terminer les exigences, syst\u00e8mes et options d\u2019un dispositif de s\u00e9curit\u00e9 et d\u2019alarme parfaitement adapt\u00e9 \u00e0 leurs besoins.<\/div><a href=\"https:\/\/trias-solutions.li\/fr\/prestations\/technologies-de-securite-protection-contre-la-mise-sur-ecoute\/\" class=\"elementor-button elementor-slide-button elementor-size-md\">En savoir plus sur les technologies de s\u00e9curit\u00e9 et la protection contre la mise sur \u00e9coute<\/a><\/div><\/div><\/div><div class=\"elementor-repeater-item-7393c90 swiper-slide\"><div class=\"swiper-slide-bg\" role=\"img\"><\/div><div class=\"elementor-background-overlay\"><\/div><div class=\"swiper-slide-inner\" ><div class=\"swiper-slide-contents\"><div class=\"elementor-slide-heading\">D\u00e9tection de drones <\/div><div class=\"elementor-slide-description\">Avec les cam\u00e9ras haute d\u00e9finition, les appareils d\u2019enregistrement et les syst\u00e8mes de largage dont ils peuvent \u00eatre \u00e9quip\u00e9s, les drones disposent d\u2019un potentiel quasi illimit\u00e9 en mati\u00e8re d\u2019espionnage, de surveillance et de sabotage. TRIAS\u00a0Solutions propose des solutions compl\u00e8tes pour les sites d\u2019entreprises et leurs si\u00e8ges, les a\u00e9roports, les ports, les infrastructures critiques, les yachts, la protection aux fronti\u00e8res, les \u00e9tablissements p\u00e9nitentiaires, les personnes fortun\u00e9es (HNWI) ainsi que l\u2019arm\u00e9e et la police.<\/div><a href=\"https:\/\/trias-solutions.li\/fr\/prestations\/detection-de-drones\/\" class=\"elementor-button elementor-slide-button elementor-size-md\">En savoir plus sur la d\u00e9tection de drones<\/a><\/div><\/div><\/div>\t\t\t\t<\/div>\n\t\t\t\t\t\t\t\t\t\t\t\t\t\t\t<div class=\"swiper-pagination\"><\/div>\n\t\t\t\t\t\t\t\t\t\t\t\t\t\t\t\t<div class=\"elementor-swiper-button elementor-swiper-button-prev\" role=\"button\" tabindex=\"0\">\n\t\t\t\t\t\t\t<i aria-hidden=\"true\" class=\"eicon-chevron-left\"><\/i>\t\t\t\t\t\t\t<span class=\"elementor-screen-only\">Diapositive pr\u00e9c\u00e9dente<\/span>\n\t\t\t\t\t\t<\/div>\n\t\t\t\t\t\t<div class=\"elementor-swiper-button elementor-swiper-button-next\" role=\"button\" tabindex=\"0\">\n\t\t\t\t\t\t\t<i aria-hidden=\"true\" class=\"eicon-chevron-right\"><\/i>\t\t\t\t\t\t\t<span class=\"elementor-screen-only\">Diapositive suivante<\/span>\n\t\t\t\t\t\t<\/div>\n\t\t\t\t\t\t\t\t\t\t\t\t<\/div>\n\t\t<\/div>\n\t\t\t\t<\/div>\n\t\t\t\t<\/div>\n\t\t\t\t\t<\/div>\n\t\t<\/div>\n\t\t\t\t\t\t\t<\/div>\n\t\t<\/section>\n\t\t\t\t<section data-particle_enable=\"false\" data-particle-mobile-disabled=\"false\" class=\"wd-negative-gap elementor-section elementor-top-section elementor-element elementor-element-2644e45 elementor-section-boxed elementor-section-height-default elementor-section-height-default wd-section-disabled\" data-id=\"2644e45\" data-element_type=\"section\">\n\t\t\t\t\t\t<div class=\"elementor-container elementor-column-gap-default\">\n\t\t\t\t\t<div class=\"elementor-column elementor-col-50 elementor-top-column elementor-element elementor-element-c77c962\" data-id=\"c77c962\" data-element_type=\"column\">\n\t\t\t<div class=\"elementor-widget-wrap elementor-element-populated\">\n\t\t\t\t\t\t\t\t<div class=\"elementor-element elementor-element-e213adc elementor-drop-cap-yes color-scheme-inherit text-left elementor-drop-cap-view-default elementor-widget elementor-widget-text-editor\" data-id=\"e213adc\" data-element_type=\"widget\" data-settings=\"{&quot;drop_cap&quot;:&quot;yes&quot;}\" data-widget_type=\"text-editor.default\">\n\t\t\t\t<div class=\"elementor-widget-container\">\n\t\t\t<style>\/*! elementor - v3.17.0 - 08-11-2023 *\/\n.elementor-widget-text-editor.elementor-drop-cap-view-stacked .elementor-drop-cap{background-color:#69727d;color:#fff}.elementor-widget-text-editor.elementor-drop-cap-view-framed .elementor-drop-cap{color:#69727d;border:3px solid;background-color:transparent}.elementor-widget-text-editor:not(.elementor-drop-cap-view-default) .elementor-drop-cap{margin-top:8px}.elementor-widget-text-editor:not(.elementor-drop-cap-view-default) .elementor-drop-cap-letter{width:1em;height:1em}.elementor-widget-text-editor .elementor-drop-cap{float:left;text-align:center;line-height:1;font-size:50px}.elementor-widget-text-editor .elementor-drop-cap-letter{display:inline-block}<\/style>\t\t\t\t<h2>Efficacit\u00e9 et confidentialit\u00e9<\/h2><p>Fond\u00e9e par l\u2019avocat Erich\u00a0Gemeiner et l\u2019expert en s\u00e9curit\u00e9 Martin\u00a0Karczynski, l\u2019entreprise TRIAS\u00a0Solutions est titulaire de toutes les autorisations n\u00e9cessaires \u00e0 l\u2019exercice d\u2019activit\u00e9s de s\u00e9curit\u00e9 et d\u2019enqu\u00eate en Suisse, en Autriche et au Liechtenstein. Notre vaste expertise dans la mise en place d\u2019\u00e9quipes de s\u00e9curit\u00e9 et l\u2019\u00e9laboration de concepts de s\u00e9curit\u00e9 vient compl\u00e9ter notre gamme de prestations.<\/p><p>Les noms de nos clients sont trait\u00e9s avec la plus grande discr\u00e9tion afin de leur garantir le meilleur niveau de s\u00e9curit\u00e9 possible.<\/p>\t\t\t\t\t\t<\/div>\n\t\t\t\t<\/div>\n\t\t\t\t\t<\/div>\n\t\t<\/div>\n\t\t\t\t<div class=\"elementor-column elementor-col-50 elementor-top-column elementor-element elementor-element-cd583ab\" data-id=\"cd583ab\" data-element_type=\"column\">\n\t\t\t<div class=\"elementor-widget-wrap elementor-element-populated\">\n\t\t\t\t\t\t\t\t<div class=\"elementor-element elementor-element-8617605 color-scheme-inherit text-left elementor-widget elementor-widget-text-editor\" data-id=\"8617605\" data-element_type=\"widget\" data-widget_type=\"text-editor.default\">\n\t\t\t\t<div class=\"elementor-widget-container\">\n\t\t\t\t\t\t\t<h2>Prestations<\/h2><p>Nos prestations couvrent les domaines suivants:<\/p><ul><li><a href=\"https:\/\/trias-solutions.li\/fr\/prestations\/detectives-prives-au-service-des-particuliers\/\">enqu\u00eates priv\u00e9es,<\/a><\/li><li><a href=\"https:\/\/trias-solutions.li\/fr\/prestations\/detectives-prives-dans-le-domaine-commercial\/\">enqu\u00eates commerciales,<\/a><\/li><li><a href=\"https:\/\/trias-solutions.li\/fr\/prestations\/protection-rapprochee-pi\/\">protection rapproch\u00e9e et Protective Intelligence (PI),<\/a><\/li><li><a href=\"https:\/\/trias-solutions.li\/fr\/prestations\/technologies-de-securite-protection-contre-la-mise-sur-ecoute\/\">technologies de s\u00e9curit\u00e9 et protection contre la mise sur \u00e9coute,<\/a><\/li><li><a href=\"https:\/\/trias-solutions.li\/fr\/prestations\/detection-de-drones\/\">d\u00e9tection de drones.<\/a><\/li><\/ul>\t\t\t\t\t\t<\/div>\n\t\t\t\t<\/div>\n\t\t\t\t\t<\/div>\n\t\t<\/div>\n\t\t\t\t\t\t\t<\/div>\n\t\t<\/section>\n\t\t\t\t\t\t\t<\/div>\n\t\t","protected":false},"excerpt":{"rendered":"<p>TRIAS SolutionsTRIAS\u00a0Solutions est une entreprise active \u00e0 l\u2019\u00e9chelle internationale qui propose des solutions haut de gamme personnalis\u00e9es et efficaces dans<\/p>\n","protected":false},"author":4,"featured_media":843,"parent":0,"menu_order":0,"comment_status":"closed","ping_status":"closed","template":"","meta":{"footnotes":""},"yoast_head":"<!-- This site is optimized with the Yoast SEO plugin v21.5 - https:\/\/yoast.com\/wordpress\/plugins\/seo\/ -->\n<title>TRIAS Solutions - Trias Solutions<\/title>\n<meta name=\"robots\" content=\"index, follow, max-snippet:-1, max-image-preview:large, max-video-preview:-1\" \/>\n<link rel=\"canonical\" href=\"https:\/\/trias-solutions.li\/fr\/\" \/>\n<meta property=\"og:locale\" content=\"fr_FR\" \/>\n<meta property=\"og:type\" content=\"article\" \/>\n<meta property=\"og:title\" content=\"TRIAS Solutions - Trias Solutions\" \/>\n<meta property=\"og:description\" content=\"TRIAS SolutionsTRIAS\u00a0Solutions est une entreprise active \u00e0 l\u2019\u00e9chelle internationale qui propose des solutions haut de gamme personnalis\u00e9es et efficaces dans\" \/>\n<meta property=\"og:url\" content=\"https:\/\/trias-solutions.li\/fr\/\" \/>\n<meta property=\"og:site_name\" content=\"Trias Solutions\" \/>\n<meta property=\"article:modified_time\" content=\"2023-02-02T11:32:24+00:00\" \/>\n<meta property=\"og:image\" content=\"https:\/\/trias-solutions.li\/wp-content\/uploads\/2022\/12\/Trias-Solutions-Logo-500x333-1.png\" \/>\n\t<meta property=\"og:image:width\" content=\"500\" \/>\n\t<meta property=\"og:image:height\" content=\"333\" \/>\n\t<meta property=\"og:image:type\" content=\"image\/png\" \/>\n<meta name=\"twitter:card\" content=\"summary_large_image\" \/>\n<meta name=\"twitter:label1\" content=\"Dur\u00e9e de lecture estim\u00e9e\" \/>\n\t<meta name=\"twitter:data1\" content=\"6 minutes\" \/>\n<script type=\"application\/ld+json\" class=\"yoast-schema-graph\">{\"@context\":\"https:\/\/schema.org\",\"@graph\":[{\"@type\":\"WebPage\",\"@id\":\"https:\/\/trias-solutions.li\/fr\/\",\"url\":\"https:\/\/trias-solutions.li\/fr\/\",\"name\":\"TRIAS Solutions - Trias Solutions\",\"isPartOf\":{\"@id\":\"https:\/\/trias-solutions.li\/#website\"},\"datePublished\":\"2021-06-11T08:03:37+00:00\",\"dateModified\":\"2023-02-02T11:32:24+00:00\",\"breadcrumb\":{\"@id\":\"https:\/\/trias-solutions.li\/fr\/#breadcrumb\"},\"inLanguage\":\"fr-FR\",\"potentialAction\":[{\"@type\":\"ReadAction\",\"target\":[\"https:\/\/trias-solutions.li\/fr\/\"]}]},{\"@type\":\"BreadcrumbList\",\"@id\":\"https:\/\/trias-solutions.li\/fr\/#breadcrumb\",\"itemListElement\":[{\"@type\":\"ListItem\",\"position\":1,\"name\":\"Startseite\",\"item\":\"https:\/\/trias-solutions.li\/fr\/\"},{\"@type\":\"ListItem\",\"position\":2,\"name\":\"TRIAS Solutions\"}]},{\"@type\":\"WebSite\",\"@id\":\"https:\/\/trias-solutions.li\/#website\",\"url\":\"https:\/\/trias-solutions.li\/\",\"name\":\"Trias Solutions\",\"description\":\"\",\"publisher\":{\"@id\":\"https:\/\/trias-solutions.li\/#organization\"},\"potentialAction\":[{\"@type\":\"SearchAction\",\"target\":{\"@type\":\"EntryPoint\",\"urlTemplate\":\"https:\/\/trias-solutions.li\/?s={search_term_string}\"},\"query-input\":\"required name=search_term_string\"}],\"inLanguage\":\"fr-FR\"},{\"@type\":\"Organization\",\"@id\":\"https:\/\/trias-solutions.li\/#organization\",\"name\":\"Trias Solutions\",\"url\":\"https:\/\/trias-solutions.li\/\",\"logo\":{\"@type\":\"ImageObject\",\"inLanguage\":\"fr-FR\",\"@id\":\"https:\/\/trias-solutions.li\/#\/schema\/logo\/image\/\",\"url\":\"https:\/\/trias-solutions.li\/wp-content\/uploads\/2022\/12\/Trias-Solutions-Logo-500x333-1.png\",\"contentUrl\":\"https:\/\/trias-solutions.li\/wp-content\/uploads\/2022\/12\/Trias-Solutions-Logo-500x333-1.png\",\"width\":500,\"height\":333,\"caption\":\"Trias Solutions\"},\"image\":{\"@id\":\"https:\/\/trias-solutions.li\/#\/schema\/logo\/image\/\"}}]}<\/script>\n<!-- \/ Yoast SEO plugin. -->","yoast_head_json":{"title":"TRIAS Solutions - Trias Solutions","robots":{"index":"index","follow":"follow","max-snippet":"max-snippet:-1","max-image-preview":"max-image-preview:large","max-video-preview":"max-video-preview:-1"},"canonical":"https:\/\/trias-solutions.li\/fr\/","og_locale":"fr_FR","og_type":"article","og_title":"TRIAS Solutions - Trias Solutions","og_description":"TRIAS SolutionsTRIAS\u00a0Solutions est une entreprise active \u00e0 l\u2019\u00e9chelle internationale qui propose des solutions haut de gamme personnalis\u00e9es et efficaces dans","og_url":"https:\/\/trias-solutions.li\/fr\/","og_site_name":"Trias Solutions","article_modified_time":"2023-02-02T11:32:24+00:00","og_image":[{"width":500,"height":333,"url":"https:\/\/trias-solutions.li\/wp-content\/uploads\/2022\/12\/Trias-Solutions-Logo-500x333-1.png","type":"image\/png"}],"twitter_card":"summary_large_image","twitter_misc":{"Dur\u00e9e de lecture estim\u00e9e":"6 minutes"},"schema":{"@context":"https:\/\/schema.org","@graph":[{"@type":"WebPage","@id":"https:\/\/trias-solutions.li\/fr\/","url":"https:\/\/trias-solutions.li\/fr\/","name":"TRIAS Solutions - Trias Solutions","isPartOf":{"@id":"https:\/\/trias-solutions.li\/#website"},"datePublished":"2021-06-11T08:03:37+00:00","dateModified":"2023-02-02T11:32:24+00:00","breadcrumb":{"@id":"https:\/\/trias-solutions.li\/fr\/#breadcrumb"},"inLanguage":"fr-FR","potentialAction":[{"@type":"ReadAction","target":["https:\/\/trias-solutions.li\/fr\/"]}]},{"@type":"BreadcrumbList","@id":"https:\/\/trias-solutions.li\/fr\/#breadcrumb","itemListElement":[{"@type":"ListItem","position":1,"name":"Startseite","item":"https:\/\/trias-solutions.li\/fr\/"},{"@type":"ListItem","position":2,"name":"TRIAS Solutions"}]},{"@type":"WebSite","@id":"https:\/\/trias-solutions.li\/#website","url":"https:\/\/trias-solutions.li\/","name":"Trias Solutions","description":"","publisher":{"@id":"https:\/\/trias-solutions.li\/#organization"},"potentialAction":[{"@type":"SearchAction","target":{"@type":"EntryPoint","urlTemplate":"https:\/\/trias-solutions.li\/?s={search_term_string}"},"query-input":"required name=search_term_string"}],"inLanguage":"fr-FR"},{"@type":"Organization","@id":"https:\/\/trias-solutions.li\/#organization","name":"Trias Solutions","url":"https:\/\/trias-solutions.li\/","logo":{"@type":"ImageObject","inLanguage":"fr-FR","@id":"https:\/\/trias-solutions.li\/#\/schema\/logo\/image\/","url":"https:\/\/trias-solutions.li\/wp-content\/uploads\/2022\/12\/Trias-Solutions-Logo-500x333-1.png","contentUrl":"https:\/\/trias-solutions.li\/wp-content\/uploads\/2022\/12\/Trias-Solutions-Logo-500x333-1.png","width":500,"height":333,"caption":"Trias Solutions"},"image":{"@id":"https:\/\/trias-solutions.li\/#\/schema\/logo\/image\/"}}]}},"_links":{"self":[{"href":"https:\/\/trias-solutions.li\/fr\/wp-json\/wp\/v2\/pages\/1068"}],"collection":[{"href":"https:\/\/trias-solutions.li\/fr\/wp-json\/wp\/v2\/pages"}],"about":[{"href":"https:\/\/trias-solutions.li\/fr\/wp-json\/wp\/v2\/types\/page"}],"author":[{"embeddable":true,"href":"https:\/\/trias-solutions.li\/fr\/wp-json\/wp\/v2\/users\/4"}],"replies":[{"embeddable":true,"href":"https:\/\/trias-solutions.li\/fr\/wp-json\/wp\/v2\/comments?post=1068"}],"version-history":[{"count":0,"href":"https:\/\/trias-solutions.li\/fr\/wp-json\/wp\/v2\/pages\/1068\/revisions"}],"wp:featuredmedia":[{"embeddable":true,"href":"https:\/\/trias-solutions.li\/fr\/wp-json\/wp\/v2\/media\/843"}],"wp:attachment":[{"href":"https:\/\/trias-solutions.li\/fr\/wp-json\/wp\/v2\/media?parent=1068"}],"curies":[{"name":"wp","href":"https:\/\/api.w.org\/{rel}","templated":true}]}}