{"id":1065,"date":"2021-06-11T10:05:57","date_gmt":"2021-06-11T08:05:57","guid":{"rendered":"https:\/\/triasli.loftmynd.com\/ueber-uns\/"},"modified":"2023-02-01T13:36:13","modified_gmt":"2023-02-01T12:36:13","slug":"a-propos","status":"publish","type":"page","link":"https:\/\/trias-solutions.li\/fr\/a-propos\/","title":{"rendered":"\u00c0 propos"},"content":{"rendered":"\t\t<div data-elementor-type=\"wp-page\" data-elementor-id=\"1065\" class=\"elementor elementor-1065 elementor-430\" data-elementor-post-type=\"page\">\n\t\t\t\t\t\t\t\t\t<section data-particle_enable=\"false\" data-particle-mobile-disabled=\"false\" class=\"wd-negative-gap elementor-section elementor-top-section elementor-element elementor-element-c517d15 elementor-section-boxed elementor-section-height-default elementor-section-height-default wd-section-disabled\" data-id=\"c517d15\" data-element_type=\"section\">\n\t\t\t\t\t\t<div class=\"elementor-container elementor-column-gap-default\">\n\t\t\t\t\t<div class=\"elementor-column elementor-col-100 elementor-top-column elementor-element elementor-element-c07b2b5\" data-id=\"c07b2b5\" data-element_type=\"column\">\n\t\t\t<div class=\"elementor-widget-wrap elementor-element-populated\">\n\t\t\t\t\t\t\t\t<div class=\"elementor-element elementor-element-5257a9a color-scheme-inherit text-left elementor-widget elementor-widget-text-editor\" data-id=\"5257a9a\" data-element_type=\"widget\" data-widget_type=\"text-editor.default\">\n\t\t\t\t<div class=\"elementor-widget-container\">\n\t\t\t<style>\/*! elementor - v3.17.0 - 08-11-2023 *\/\n.elementor-widget-text-editor.elementor-drop-cap-view-stacked .elementor-drop-cap{background-color:#69727d;color:#fff}.elementor-widget-text-editor.elementor-drop-cap-view-framed .elementor-drop-cap{color:#69727d;border:3px solid;background-color:transparent}.elementor-widget-text-editor:not(.elementor-drop-cap-view-default) .elementor-drop-cap{margin-top:8px}.elementor-widget-text-editor:not(.elementor-drop-cap-view-default) .elementor-drop-cap-letter{width:1em;height:1em}.elementor-widget-text-editor .elementor-drop-cap{float:left;text-align:center;line-height:1;font-size:50px}.elementor-widget-text-editor .elementor-drop-cap-letter{display:inline-block}<\/style>\t\t\t\t<h2 style=\"text-align: left;\">TRIAS SOLUTIONS \u2013 EFFICACIT\u00c9 ET CONFIDENTIALIT\u00c9<\/h2><p style=\"text-align: left;\">L\u2019entreprise TRIAS Solutions AG est une entreprise de s\u00e9curit\u00e9 active \u00e0 l\u2019\u00e9chelle internationale ayant son si\u00e8ge au Liechtenstein. Elle poss\u00e8de deux autres si\u00e8ges juridiques distincts en Autriche et en Suisse.<\/p>\t\t\t\t\t\t<\/div>\n\t\t\t\t<\/div>\n\t\t\t\t\t<\/div>\n\t\t<\/div>\n\t\t\t\t\t\t\t<\/div>\n\t\t<\/section>\n\t\t\t\t<section data-particle_enable=\"false\" data-particle-mobile-disabled=\"false\" class=\"wd-negative-gap elementor-section elementor-top-section elementor-element elementor-element-2c05aa8 elementor-section-boxed elementor-section-height-default elementor-section-height-default wd-section-disabled\" data-id=\"2c05aa8\" data-element_type=\"section\">\n\t\t\t\t\t\t<div class=\"elementor-container elementor-column-gap-default\">\n\t\t\t\t\t<div class=\"elementor-column elementor-col-50 elementor-top-column elementor-element elementor-element-b8ddeb1\" data-id=\"b8ddeb1\" data-element_type=\"column\">\n\t\t\t<div class=\"elementor-widget-wrap elementor-element-populated\">\n\t\t\t\t\t\t\t\t<div class=\"elementor-element elementor-element-3fd91b5 elementor-drop-cap-yes color-scheme-inherit text-left elementor-drop-cap-view-default elementor-widget elementor-widget-text-editor\" data-id=\"3fd91b5\" data-element_type=\"widget\" data-settings=\"{&quot;drop_cap&quot;:&quot;yes&quot;}\" data-widget_type=\"text-editor.default\">\n\t\t\t\t<div class=\"elementor-widget-container\">\n\t\t\t\t\t\t\t<h2>Nos valeurs<\/h2><p>TRIAS propose des solutions d\u2019investigation et de s\u00e9curit\u00e9 efficaces, \u00e9conomiques, personnalis\u00e9es et confidentielles du plus haut niveau.<\/p><p>Nous mettons \u00e0 votre service nos longues ann\u00e9es d\u2019exp\u00e9rience \u00e0 l\u2019international associ\u00e9es \u00e0 des solutions \u00e0 la pointe de la technologie. Nos clients \u00e9tant tous diff\u00e9rents et uniques, nous mettons en \u0153uvre des solutions sur mesure pour r\u00e9pondre aux besoins individuels.<\/p><p>Compos\u00e9e d\u2019enqu\u00eateurs, d\u2019analystes, d\u2019experts en s\u00e9curit\u00e9, de conseillers et d\u2019avocats, l\u2019\u00e9quipe internationale TRIAS vous garantit s\u00e9rieux, professionnalisme et loyaut\u00e9.<\/p><p>Nous ne communiquons aucune r\u00e9f\u00e9rence. Divulguer le nom de nos clients irait \u00e0 l\u2019encontre de notre promesse de discr\u00e9tion absolue et pr\u00e9senterait un risque suppl\u00e9mentaire pour la s\u00e9curit\u00e9. Nous ne sommes rattach\u00e9s \u00e0 aucun fournisseur particulier de logiciel, de mat\u00e9riel ou d&rsquo;\u00e9quipement technique par une quelconque affiliation ou obligation.<\/p><p>TRIAS\u00a0Solutions conseille et assiste ses clients en toute objectivit\u00e9 et de mani\u00e8re impartiale.<\/p>\t\t\t\t\t\t<\/div>\n\t\t\t\t<\/div>\n\t\t\t\t\t<\/div>\n\t\t<\/div>\n\t\t\t\t<div class=\"elementor-column elementor-col-50 elementor-top-column elementor-element elementor-element-f8b43cf\" data-id=\"f8b43cf\" data-element_type=\"column\">\n\t\t\t<div class=\"elementor-widget-wrap elementor-element-populated\">\n\t\t\t\t\t\t\t\t\t<link rel=\"stylesheet\" id=\"wd-animations-css\" href=\"https:\/\/trias-solutions.li\/wp-content\/themes\/woodmart\/css\/parts\/mod-animations.min.css?ver=7.0.4\" type=\"text\/css\" media=\"all\" \/> \t\t\t\t\t<div class=\"elementor-element elementor-element-b6c4edc wd-animation-slide-from-right wd-animation-slow wd_delay_100 elementor-widget elementor-widget-image\" data-id=\"b6c4edc\" data-element_type=\"widget\" data-widget_type=\"image.default\">\n\t\t\t\t<div class=\"elementor-widget-container\">\n\t\t\t<style>\/*! elementor - v3.17.0 - 08-11-2023 *\/\n.elementor-widget-image{text-align:center}.elementor-widget-image a{display:inline-block}.elementor-widget-image a img[src$=\".svg\"]{width:48px}.elementor-widget-image img{vertical-align:middle;display:inline-block}<\/style>\t\t\t\t\t\t\t\t\t\t\t\t<img loading=\"lazy\" decoding=\"async\" width=\"768\" height=\"768\" src=\"https:\/\/trias-solutions.li\/wp-content\/uploads\/2022\/12\/juergen_macrostopic_view_of_an_object_in_gold_an_anthrazite_rou_eeabbceb-3c1b-4575-b352-87692fa82ba4-768x768.png\" class=\"attachment-medium_large size-medium_large wp-image-985\" alt=\"\" srcset=\"https:\/\/trias-solutions.li\/wp-content\/uploads\/2022\/12\/juergen_macrostopic_view_of_an_object_in_gold_an_anthrazite_rou_eeabbceb-3c1b-4575-b352-87692fa82ba4-768x768.png 768w, https:\/\/trias-solutions.li\/wp-content\/uploads\/2022\/12\/juergen_macrostopic_view_of_an_object_in_gold_an_anthrazite_rou_eeabbceb-3c1b-4575-b352-87692fa82ba4-300x300.png 300w, https:\/\/trias-solutions.li\/wp-content\/uploads\/2022\/12\/juergen_macrostopic_view_of_an_object_in_gold_an_anthrazite_rou_eeabbceb-3c1b-4575-b352-87692fa82ba4.png 1024w, https:\/\/trias-solutions.li\/wp-content\/uploads\/2022\/12\/juergen_macrostopic_view_of_an_object_in_gold_an_anthrazite_rou_eeabbceb-3c1b-4575-b352-87692fa82ba4-150x150.png 150w\" sizes=\"(max-width: 768px) 100vw, 768px\" \/>\t\t\t\t\t\t\t\t\t\t\t\t\t\t\t<\/div>\n\t\t\t\t<\/div>\n\t\t\t\t\t<\/div>\n\t\t<\/div>\n\t\t\t\t\t\t\t<\/div>\n\t\t<\/section>\n\t\t\t\t<section data-particle_enable=\"false\" data-particle-mobile-disabled=\"false\" class=\"wd-negative-gap elementor-section elementor-top-section elementor-element elementor-element-95f18f0 elementor-section-boxed elementor-section-height-default elementor-section-height-default wd-section-disabled\" data-id=\"95f18f0\" data-element_type=\"section\">\n\t\t\t\t\t\t<div class=\"elementor-container elementor-column-gap-default\">\n\t\t\t\t\t<div class=\"elementor-column elementor-col-50 elementor-top-column elementor-element elementor-element-fb125a8\" data-id=\"fb125a8\" data-element_type=\"column\">\n\t\t\t<div class=\"elementor-widget-wrap elementor-element-populated\">\n\t\t\t\t\t\t\t\t<div class=\"elementor-element elementor-element-eec7b4c wd-animation-slide-from-left wd-animation-slow elementor-hidden-mobile wd_delay_100 elementor-widget elementor-widget-image\" data-id=\"eec7b4c\" data-element_type=\"widget\" data-widget_type=\"image.default\">\n\t\t\t\t<div class=\"elementor-widget-container\">\n\t\t\t\t\t\t\t\t\t\t\t\t\t\t\t<img loading=\"lazy\" decoding=\"async\" width=\"768\" height=\"439\" src=\"https:\/\/trias-solutions.li\/wp-content\/uploads\/2022\/11\/juergen_abstract_mesh_structure_in_gold_an_athrazite_with_refle_07b4692b-57cd-4a26-9fd8-f3f3c9f0081f-768x439.png\" class=\"attachment-medium_large size-medium_large wp-image-822\" alt=\"\" srcset=\"https:\/\/trias-solutions.li\/wp-content\/uploads\/2022\/11\/juergen_abstract_mesh_structure_in_gold_an_athrazite_with_refle_07b4692b-57cd-4a26-9fd8-f3f3c9f0081f-768x439.png 768w, https:\/\/trias-solutions.li\/wp-content\/uploads\/2022\/11\/juergen_abstract_mesh_structure_in_gold_an_athrazite_with_refle_07b4692b-57cd-4a26-9fd8-f3f3c9f0081f-300x171.png 300w, https:\/\/trias-solutions.li\/wp-content\/uploads\/2022\/11\/juergen_abstract_mesh_structure_in_gold_an_athrazite_with_refle_07b4692b-57cd-4a26-9fd8-f3f3c9f0081f-1024x585.png 1024w, https:\/\/trias-solutions.li\/wp-content\/uploads\/2022\/11\/juergen_abstract_mesh_structure_in_gold_an_athrazite_with_refle_07b4692b-57cd-4a26-9fd8-f3f3c9f0081f-1536x878.png 1536w, https:\/\/trias-solutions.li\/wp-content\/uploads\/2022\/11\/juergen_abstract_mesh_structure_in_gold_an_athrazite_with_refle_07b4692b-57cd-4a26-9fd8-f3f3c9f0081f-200x114.png 200w, https:\/\/trias-solutions.li\/wp-content\/uploads\/2022\/11\/juergen_abstract_mesh_structure_in_gold_an_athrazite_with_refle_07b4692b-57cd-4a26-9fd8-f3f3c9f0081f-400x229.png 400w, https:\/\/trias-solutions.li\/wp-content\/uploads\/2022\/11\/juergen_abstract_mesh_structure_in_gold_an_athrazite_with_refle_07b4692b-57cd-4a26-9fd8-f3f3c9f0081f-600x343.png 600w, https:\/\/trias-solutions.li\/wp-content\/uploads\/2022\/11\/juergen_abstract_mesh_structure_in_gold_an_athrazite_with_refle_07b4692b-57cd-4a26-9fd8-f3f3c9f0081f-800x457.png 800w, https:\/\/trias-solutions.li\/wp-content\/uploads\/2022\/11\/juergen_abstract_mesh_structure_in_gold_an_athrazite_with_refle_07b4692b-57cd-4a26-9fd8-f3f3c9f0081f-1200x686.png 1200w, https:\/\/trias-solutions.li\/wp-content\/uploads\/2022\/11\/juergen_abstract_mesh_structure_in_gold_an_athrazite_with_refle_07b4692b-57cd-4a26-9fd8-f3f3c9f0081f-500x286.png 500w, https:\/\/trias-solutions.li\/wp-content\/uploads\/2022\/11\/juergen_abstract_mesh_structure_in_gold_an_athrazite_with_refle_07b4692b-57cd-4a26-9fd8-f3f3c9f0081f-700x400.png 700w, https:\/\/trias-solutions.li\/wp-content\/uploads\/2022\/11\/juergen_abstract_mesh_structure_in_gold_an_athrazite_with_refle_07b4692b-57cd-4a26-9fd8-f3f3c9f0081f.png 1792w\" sizes=\"(max-width: 768px) 100vw, 768px\" \/>\t\t\t\t\t\t\t\t\t\t\t\t\t\t\t<\/div>\n\t\t\t\t<\/div>\n\t\t\t\t\t<\/div>\n\t\t<\/div>\n\t\t\t\t<div class=\"elementor-column elementor-col-50 elementor-top-column elementor-element elementor-element-373ddfb\" data-id=\"373ddfb\" data-element_type=\"column\">\n\t\t\t<div class=\"elementor-widget-wrap elementor-element-populated\">\n\t\t\t\t\t\t\t\t<div class=\"elementor-element elementor-element-4a4f0ad elementor-drop-cap-yes color-scheme-inherit text-left elementor-drop-cap-view-default elementor-widget elementor-widget-text-editor\" data-id=\"4a4f0ad\" data-element_type=\"widget\" data-settings=\"{&quot;drop_cap&quot;:&quot;yes&quot;}\" data-widget_type=\"text-editor.default\">\n\t\t\t\t<div class=\"elementor-widget-container\">\n\t\t\t\t\t\t\t<h2>Notre direction<\/h2><p>La direction de l\u2019\u00e9quipe d\u2019experts TRIAS est assur\u00e9e par les deux dirigeants et fondateurs de l\u2019entreprise, Erich\u00a0Gemeiner et Martin\u00a0Karczynski.<\/p><p>Erich\u00a0Gemeiner travaille depuis de nombreuses ann\u00e9es comme avocat \u00e0 l\u2019\u00e9chelle internationale au sein de son cabinet, o\u00f9 il est notamment sp\u00e9cialis\u00e9 dans les domaines du droit commercial et du droit p\u00e9nal pour des clients fortun\u00e9s (HNWI).<\/p><p>Martin\u00a0Karczynski est un sp\u00e9cialiste en s\u00e9curit\u00e9 et garde du corps certifi\u00e9. Il a travaill\u00e9 de nombreuses ann\u00e9es dans des r\u00e9gions en crise et dispose d\u2019une longue exp\u00e9rience de travail avec des HNWI internationaux ainsi que dans la mise en place d\u2019\u00e9quipes et de concepts de s\u00e9curit\u00e9.<\/p><p>Nous consid\u00e9rons qu\u2019il est de notre devoir de proposer uniquement des solutions r\u00e9alisables et de refuser d\u2019acc\u00e9der \u00e0 des demandes irr\u00e9alistes de nos clients.<\/p>\t\t\t\t\t\t<\/div>\n\t\t\t\t<\/div>\n\t\t\t\t\t<\/div>\n\t\t<\/div>\n\t\t\t\t\t\t\t<\/div>\n\t\t<\/section>\n\t\t\t\t\t\t\t<\/div>\n\t\t","protected":false},"excerpt":{"rendered":"<p>TRIAS SOLUTIONS \u2013 EFFICACIT\u00c9 ET CONFIDENTIALIT\u00c9 L\u2019entreprise TRIAS Solutions AG est une entreprise de s\u00e9curit\u00e9 active \u00e0 l\u2019\u00e9chelle internationale ayant<\/p>\n","protected":false},"author":4,"featured_media":0,"parent":0,"menu_order":0,"comment_status":"closed","ping_status":"closed","template":"","meta":{"footnotes":""},"yoast_head":"<!-- This site is optimized with the Yoast SEO plugin v21.5 - https:\/\/yoast.com\/wordpress\/plugins\/seo\/ -->\n<title>\u00c0 propos - Trias Solutions<\/title>\n<meta name=\"robots\" content=\"index, follow, max-snippet:-1, max-image-preview:large, max-video-preview:-1\" \/>\n<link rel=\"canonical\" href=\"https:\/\/trias-solutions.li\/fr\/a-propos\/\" \/>\n<meta property=\"og:locale\" content=\"fr_FR\" \/>\n<meta property=\"og:type\" content=\"article\" \/>\n<meta property=\"og:title\" content=\"\u00c0 propos - Trias Solutions\" \/>\n<meta property=\"og:description\" content=\"TRIAS SOLUTIONS \u2013 EFFICACIT\u00c9 ET CONFIDENTIALIT\u00c9 L\u2019entreprise TRIAS Solutions AG est une entreprise de s\u00e9curit\u00e9 active \u00e0 l\u2019\u00e9chelle internationale ayant\" \/>\n<meta property=\"og:url\" content=\"https:\/\/trias-solutions.li\/fr\/a-propos\/\" \/>\n<meta property=\"og:site_name\" content=\"Trias Solutions\" \/>\n<meta property=\"article:modified_time\" content=\"2023-02-01T12:36:13+00:00\" \/>\n<meta property=\"og:image\" content=\"https:\/\/trias-solutions.li\/wp-content\/uploads\/2022\/12\/juergen_macrostopic_view_of_an_object_in_gold_an_anthrazite_rou_eeabbceb-3c1b-4575-b352-87692fa82ba4-768x768.png\" \/>\n<meta name=\"twitter:card\" content=\"summary_large_image\" \/>\n<meta name=\"twitter:label1\" content=\"Dur\u00e9e de lecture estim\u00e9e\" \/>\n\t<meta name=\"twitter:data1\" content=\"2 minutes\" \/>\n<script type=\"application\/ld+json\" class=\"yoast-schema-graph\">{\"@context\":\"https:\/\/schema.org\",\"@graph\":[{\"@type\":\"WebPage\",\"@id\":\"https:\/\/trias-solutions.li\/fr\/a-propos\/\",\"url\":\"https:\/\/trias-solutions.li\/fr\/a-propos\/\",\"name\":\"\u00c0 propos - Trias Solutions\",\"isPartOf\":{\"@id\":\"https:\/\/trias-solutions.li\/#website\"},\"datePublished\":\"2021-06-11T08:05:57+00:00\",\"dateModified\":\"2023-02-01T12:36:13+00:00\",\"breadcrumb\":{\"@id\":\"https:\/\/trias-solutions.li\/fr\/a-propos\/#breadcrumb\"},\"inLanguage\":\"fr-FR\",\"potentialAction\":[{\"@type\":\"ReadAction\",\"target\":[\"https:\/\/trias-solutions.li\/fr\/a-propos\/\"]}]},{\"@type\":\"BreadcrumbList\",\"@id\":\"https:\/\/trias-solutions.li\/fr\/a-propos\/#breadcrumb\",\"itemListElement\":[{\"@type\":\"ListItem\",\"position\":1,\"name\":\"Startseite\",\"item\":\"https:\/\/trias-solutions.li\/fr\/\"},{\"@type\":\"ListItem\",\"position\":2,\"name\":\"\u00c0 propos\"}]},{\"@type\":\"WebSite\",\"@id\":\"https:\/\/trias-solutions.li\/#website\",\"url\":\"https:\/\/trias-solutions.li\/\",\"name\":\"Trias Solutions\",\"description\":\"\",\"publisher\":{\"@id\":\"https:\/\/trias-solutions.li\/#organization\"},\"potentialAction\":[{\"@type\":\"SearchAction\",\"target\":{\"@type\":\"EntryPoint\",\"urlTemplate\":\"https:\/\/trias-solutions.li\/?s={search_term_string}\"},\"query-input\":\"required name=search_term_string\"}],\"inLanguage\":\"fr-FR\"},{\"@type\":\"Organization\",\"@id\":\"https:\/\/trias-solutions.li\/#organization\",\"name\":\"Trias Solutions\",\"url\":\"https:\/\/trias-solutions.li\/\",\"logo\":{\"@type\":\"ImageObject\",\"inLanguage\":\"fr-FR\",\"@id\":\"https:\/\/trias-solutions.li\/#\/schema\/logo\/image\/\",\"url\":\"https:\/\/trias-solutions.li\/wp-content\/uploads\/2022\/12\/Trias-Solutions-Logo-500x333-1.png\",\"contentUrl\":\"https:\/\/trias-solutions.li\/wp-content\/uploads\/2022\/12\/Trias-Solutions-Logo-500x333-1.png\",\"width\":500,\"height\":333,\"caption\":\"Trias Solutions\"},\"image\":{\"@id\":\"https:\/\/trias-solutions.li\/#\/schema\/logo\/image\/\"}}]}<\/script>\n<!-- \/ Yoast SEO plugin. -->","yoast_head_json":{"title":"\u00c0 propos - Trias Solutions","robots":{"index":"index","follow":"follow","max-snippet":"max-snippet:-1","max-image-preview":"max-image-preview:large","max-video-preview":"max-video-preview:-1"},"canonical":"https:\/\/trias-solutions.li\/fr\/a-propos\/","og_locale":"fr_FR","og_type":"article","og_title":"\u00c0 propos - Trias Solutions","og_description":"TRIAS SOLUTIONS \u2013 EFFICACIT\u00c9 ET CONFIDENTIALIT\u00c9 L\u2019entreprise TRIAS Solutions AG est une entreprise de s\u00e9curit\u00e9 active \u00e0 l\u2019\u00e9chelle internationale ayant","og_url":"https:\/\/trias-solutions.li\/fr\/a-propos\/","og_site_name":"Trias Solutions","article_modified_time":"2023-02-01T12:36:13+00:00","og_image":[{"url":"https:\/\/trias-solutions.li\/wp-content\/uploads\/2022\/12\/juergen_macrostopic_view_of_an_object_in_gold_an_anthrazite_rou_eeabbceb-3c1b-4575-b352-87692fa82ba4-768x768.png"}],"twitter_card":"summary_large_image","twitter_misc":{"Dur\u00e9e de lecture estim\u00e9e":"2 minutes"},"schema":{"@context":"https:\/\/schema.org","@graph":[{"@type":"WebPage","@id":"https:\/\/trias-solutions.li\/fr\/a-propos\/","url":"https:\/\/trias-solutions.li\/fr\/a-propos\/","name":"\u00c0 propos - Trias Solutions","isPartOf":{"@id":"https:\/\/trias-solutions.li\/#website"},"datePublished":"2021-06-11T08:05:57+00:00","dateModified":"2023-02-01T12:36:13+00:00","breadcrumb":{"@id":"https:\/\/trias-solutions.li\/fr\/a-propos\/#breadcrumb"},"inLanguage":"fr-FR","potentialAction":[{"@type":"ReadAction","target":["https:\/\/trias-solutions.li\/fr\/a-propos\/"]}]},{"@type":"BreadcrumbList","@id":"https:\/\/trias-solutions.li\/fr\/a-propos\/#breadcrumb","itemListElement":[{"@type":"ListItem","position":1,"name":"Startseite","item":"https:\/\/trias-solutions.li\/fr\/"},{"@type":"ListItem","position":2,"name":"\u00c0 propos"}]},{"@type":"WebSite","@id":"https:\/\/trias-solutions.li\/#website","url":"https:\/\/trias-solutions.li\/","name":"Trias Solutions","description":"","publisher":{"@id":"https:\/\/trias-solutions.li\/#organization"},"potentialAction":[{"@type":"SearchAction","target":{"@type":"EntryPoint","urlTemplate":"https:\/\/trias-solutions.li\/?s={search_term_string}"},"query-input":"required name=search_term_string"}],"inLanguage":"fr-FR"},{"@type":"Organization","@id":"https:\/\/trias-solutions.li\/#organization","name":"Trias Solutions","url":"https:\/\/trias-solutions.li\/","logo":{"@type":"ImageObject","inLanguage":"fr-FR","@id":"https:\/\/trias-solutions.li\/#\/schema\/logo\/image\/","url":"https:\/\/trias-solutions.li\/wp-content\/uploads\/2022\/12\/Trias-Solutions-Logo-500x333-1.png","contentUrl":"https:\/\/trias-solutions.li\/wp-content\/uploads\/2022\/12\/Trias-Solutions-Logo-500x333-1.png","width":500,"height":333,"caption":"Trias Solutions"},"image":{"@id":"https:\/\/trias-solutions.li\/#\/schema\/logo\/image\/"}}]}},"_links":{"self":[{"href":"https:\/\/trias-solutions.li\/fr\/wp-json\/wp\/v2\/pages\/1065"}],"collection":[{"href":"https:\/\/trias-solutions.li\/fr\/wp-json\/wp\/v2\/pages"}],"about":[{"href":"https:\/\/trias-solutions.li\/fr\/wp-json\/wp\/v2\/types\/page"}],"author":[{"embeddable":true,"href":"https:\/\/trias-solutions.li\/fr\/wp-json\/wp\/v2\/users\/4"}],"replies":[{"embeddable":true,"href":"https:\/\/trias-solutions.li\/fr\/wp-json\/wp\/v2\/comments?post=1065"}],"version-history":[{"count":0,"href":"https:\/\/trias-solutions.li\/fr\/wp-json\/wp\/v2\/pages\/1065\/revisions"}],"wp:attachment":[{"href":"https:\/\/trias-solutions.li\/fr\/wp-json\/wp\/v2\/media?parent=1065"}],"curies":[{"name":"wp","href":"https:\/\/api.w.org\/{rel}","templated":true}]}}