{"id":1061,"date":"2021-06-11T10:06:21","date_gmt":"2021-06-11T08:06:21","guid":{"rendered":"https:\/\/triasli.loftmynd.com\/leistungen\/"},"modified":"2023-02-02T11:57:11","modified_gmt":"2023-02-02T10:57:11","slug":"prestations","status":"publish","type":"page","link":"https:\/\/trias-solutions.li\/fr\/prestations\/","title":{"rendered":"Prestations"},"content":{"rendered":"\t\t<div data-elementor-type=\"wp-page\" data-elementor-id=\"1061\" class=\"elementor elementor-1061 elementor-431\" data-elementor-post-type=\"page\">\n\t\t\t\t\t\t\t\t\t<section data-particle_enable=\"false\" data-particle-mobile-disabled=\"false\" class=\"wd-negative-gap elementor-section elementor-top-section elementor-element elementor-element-4cc7fbb elementor-section-boxed elementor-section-height-default elementor-section-height-default wd-section-disabled\" data-id=\"4cc7fbb\" data-element_type=\"section\">\n\t\t\t\t\t\t<div class=\"elementor-container elementor-column-gap-default\">\n\t\t\t\t\t<div class=\"elementor-column elementor-col-33 elementor-top-column elementor-element elementor-element-1f0eaf5\" data-id=\"1f0eaf5\" data-element_type=\"column\">\n\t\t\t<div class=\"elementor-widget-wrap elementor-element-populated\">\n\t\t\t\t\t\t\t\t\t<link rel=\"stylesheet\" id=\"wd-animations-css\" href=\"https:\/\/trias-solutions.li\/wp-content\/themes\/woodmart\/css\/parts\/mod-animations.min.css?ver=7.0.4\" type=\"text\/css\" media=\"all\" \/> \t\t\t\t\t<div class=\"elementor-element elementor-element-27b6dcf wd-animation-zoom-in wd-animation-slow eael-infobox-content-align-center eael-infobox-shape-square eael-infobox-hover-img-shape-square wd_delay_100 elementor-widget elementor-widget-eael-info-box\" data-id=\"27b6dcf\" data-element_type=\"widget\" data-widget_type=\"eael-info-box.default\">\n\t\t\t\t<div class=\"elementor-widget-container\">\n\t\t\t            <a href=\"https:\/\/trias-solutions.li\/fr\/prestations\/detectives-prives-au-service-des-particuliers\/\">\n\t            <div class=\"eael-infobox\">\n\t            <div class=\"infobox-icon elementor-animation-float\">\n\n                            <img decoding=\"async\" src=\"https:\/\/trias-solutions.li\/wp-content\/uploads\/2022\/12\/juergen_macrostopic_view_of_an_object_in_gold_an_anthrazite_rou_ba466e9d-eb8e-4c2f-9c80-a972d39174c2-300x300.png\" alt=\"Trias Solutions - abstraktes Bild von Gold St\u00fccken\">\n            \n            \n            \n        <\/div>\n            <div class=\"infobox-content\">\n                            <h2 class=\"title\">D\u00e9tectives priv\u00e9s au service des particuliers<\/h2>\n                    <\/div>\n            <\/div>\n\n\t\t            <\/a>\n\t\t\t\t<\/div>\n\t\t\t\t<\/div>\n\t\t\t\t\t<\/div>\n\t\t<\/div>\n\t\t\t\t<div class=\"elementor-column elementor-col-33 elementor-top-column elementor-element elementor-element-a64f712\" data-id=\"a64f712\" data-element_type=\"column\">\n\t\t\t<div class=\"elementor-widget-wrap elementor-element-populated\">\n\t\t\t\t\t\t\t\t<div class=\"elementor-element elementor-element-cbfb0b7 wd-animation-zoom-in wd-animation-slow eael-infobox-content-align-center eael-infobox-shape-square eael-infobox-hover-img-shape-square wd_delay_100 elementor-widget elementor-widget-eael-info-box\" data-id=\"cbfb0b7\" data-element_type=\"widget\" data-widget_type=\"eael-info-box.default\">\n\t\t\t\t<div class=\"elementor-widget-container\">\n\t\t\t            <a href=\"https:\/\/trias-solutions.li\/fr\/prestations\/detectives-prives-dans-le-domaine-commercial\/\">\n\t            <div class=\"eael-infobox\">\n\t            <div class=\"infobox-icon elementor-animation-float\">\n\n                            <img decoding=\"async\" src=\"https:\/\/trias-solutions.li\/wp-content\/uploads\/2022\/12\/juergen_macrostopic_view_of_an_object_in_gold_an_anthrazite_rou_ce422d8b-3d63-4649-9c74-c18fb2aa2468-300x300.png\" alt=\"Trias Solutions - abstraktes Bild von Gold St\u00fccken\">\n            \n            \n            \n        <\/div>\n            <div class=\"infobox-content\">\n                            <h2 class=\"title\">D\u00e9tectives priv\u00e9s dans le domaine commercial<\/h2>\n                    <\/div>\n            <\/div>\n\n\t\t            <\/a>\n\t\t\t\t<\/div>\n\t\t\t\t<\/div>\n\t\t\t\t\t<\/div>\n\t\t<\/div>\n\t\t\t\t<div class=\"elementor-column elementor-col-33 elementor-top-column elementor-element elementor-element-508d02b\" data-id=\"508d02b\" data-element_type=\"column\">\n\t\t\t<div class=\"elementor-widget-wrap elementor-element-populated\">\n\t\t\t\t\t\t\t\t<div class=\"elementor-element elementor-element-c18dd5a wd-animation-zoom-in wd-animation-slow eael-infobox-content-align-center eael-infobox-shape-square eael-infobox-hover-img-shape-square wd_delay_100 elementor-widget elementor-widget-eael-info-box\" data-id=\"c18dd5a\" data-element_type=\"widget\" data-widget_type=\"eael-info-box.default\">\n\t\t\t\t<div class=\"elementor-widget-container\">\n\t\t\t            <a href=\"https:\/\/trias-solutions.li\/fr\/prestations\/protection-rapprochee-pi\/\">\n\t            <div class=\"eael-infobox\">\n\t            <div class=\"infobox-icon elementor-animation-float\">\n\n                            <img decoding=\"async\" src=\"https:\/\/trias-solutions.li\/wp-content\/uploads\/2022\/12\/juergen_macrostopic_view_of_an_object_in_gold_an_anthrazite_rou_5b046c77-7f29-4a6f-8471-78ddfbf2c591-300x300.png\" alt=\"Trias Solutions - abstraktes Bild von Gold St\u00fccken\">\n            \n            \n            \n        <\/div>\n            <div class=\"infobox-content\">\n                            <h2 class=\"title\">Protection rapproch\u00e9e et Protective Intelligence (PI)<\/h2>\n                    <\/div>\n            <\/div>\n\n\t\t            <\/a>\n\t\t\t\t<\/div>\n\t\t\t\t<\/div>\n\t\t\t\t\t<\/div>\n\t\t<\/div>\n\t\t\t\t\t\t\t<\/div>\n\t\t<\/section>\n\t\t\t\t<section data-particle_enable=\"false\" data-particle-mobile-disabled=\"false\" class=\"wd-negative-gap elementor-section elementor-top-section elementor-element elementor-element-13e9626 elementor-section-boxed elementor-section-height-default elementor-section-height-default wd-section-disabled\" data-id=\"13e9626\" data-element_type=\"section\">\n\t\t\t\t\t\t<div class=\"elementor-container elementor-column-gap-default\">\n\t\t\t\t\t<div class=\"elementor-column elementor-col-33 elementor-top-column elementor-element elementor-element-add15d2\" data-id=\"add15d2\" data-element_type=\"column\">\n\t\t\t<div class=\"elementor-widget-wrap elementor-element-populated\">\n\t\t\t\t\t\t\t\t<div class=\"elementor-element elementor-element-2e0bbb2 wd-animation-zoom-in wd-animation-slow eael-infobox-content-align-center eael-infobox-shape-square eael-infobox-hover-img-shape-square wd_delay_100 elementor-widget elementor-widget-eael-info-box\" data-id=\"2e0bbb2\" data-element_type=\"widget\" data-widget_type=\"eael-info-box.default\">\n\t\t\t\t<div class=\"elementor-widget-container\">\n\t\t\t            <a href=\"https:\/\/trias-solutions.li\/fr\/prestations\/technologies-de-securite-protection-contre-la-mise-sur-ecoute\/\">\n\t            <div class=\"eael-infobox\">\n\t            <div class=\"infobox-icon elementor-animation-float\">\n\n                            <img decoding=\"async\" src=\"https:\/\/trias-solutions.li\/wp-content\/uploads\/2022\/12\/juergen_macrostopic_view_of_an_object_in_gold_an_anthrazite_rou_943548b6-ece7-49b4-b273-d2ee39533c84-300x300.png\" alt=\"Trias Solutions - abstraktes Bild von Gold St\u00fccken\">\n            \n            \n            \n        <\/div>\n            <div class=\"infobox-content\">\n                            <h2 class=\"title\">Technologies de s\u00e9curit\u00e9 et protection contre la mise sur \u00e9coute<\/h2>\n                    <\/div>\n            <\/div>\n\n\t\t            <\/a>\n\t\t\t\t<\/div>\n\t\t\t\t<\/div>\n\t\t\t\t\t<\/div>\n\t\t<\/div>\n\t\t\t\t<div class=\"elementor-column elementor-col-33 elementor-top-column elementor-element elementor-element-0f83491\" data-id=\"0f83491\" data-element_type=\"column\">\n\t\t\t<div class=\"elementor-widget-wrap elementor-element-populated\">\n\t\t\t\t\t\t\t\t<div class=\"elementor-element elementor-element-c25e1b5 wd-animation-zoom-in wd-animation-slow elementor-hidden-mobile wd_delay_100 elementor-widget elementor-widget-image\" data-id=\"c25e1b5\" data-element_type=\"widget\" data-widget_type=\"image.default\">\n\t\t\t\t<div class=\"elementor-widget-container\">\n\t\t\t<style>\/*! elementor - v3.17.0 - 08-11-2023 *\/\n.elementor-widget-image{text-align:center}.elementor-widget-image a{display:inline-block}.elementor-widget-image a img[src$=\".svg\"]{width:48px}.elementor-widget-image img{vertical-align:middle;display:inline-block}<\/style>\t\t\t\t\t\t\t\t\t\t\t\t<img loading=\"lazy\" decoding=\"async\" width=\"300\" height=\"200\" src=\"https:\/\/trias-solutions.li\/wp-content\/uploads\/2022\/12\/Trias-Solutions-Logo-500x333-1-300x200.png\" class=\"attachment-medium size-medium wp-image-843\" alt=\"\" srcset=\"https:\/\/trias-solutions.li\/wp-content\/uploads\/2022\/12\/Trias-Solutions-Logo-500x333-1-300x200.png 300w, https:\/\/trias-solutions.li\/wp-content\/uploads\/2022\/12\/Trias-Solutions-Logo-500x333-1.png 500w\" sizes=\"(max-width: 300px) 100vw, 300px\" \/>\t\t\t\t\t\t\t\t\t\t\t\t\t\t\t<\/div>\n\t\t\t\t<\/div>\n\t\t\t\t\t<\/div>\n\t\t<\/div>\n\t\t\t\t<div class=\"elementor-column elementor-col-33 elementor-top-column elementor-element elementor-element-3632a19\" data-id=\"3632a19\" data-element_type=\"column\">\n\t\t\t<div class=\"elementor-widget-wrap elementor-element-populated\">\n\t\t\t\t\t\t\t\t<div class=\"elementor-element elementor-element-4208110 wd-animation-zoom-in wd-animation-slow eael-infobox-content-align-center eael-infobox-shape-square eael-infobox-hover-img-shape-square wd_delay_100 elementor-widget elementor-widget-eael-info-box\" data-id=\"4208110\" data-element_type=\"widget\" data-widget_type=\"eael-info-box.default\">\n\t\t\t\t<div class=\"elementor-widget-container\">\n\t\t\t            <a href=\"https:\/\/trias-solutions.li\/fr\/prestations\/detection-de-drones\/\">\n\t            <div class=\"eael-infobox\">\n\t            <div class=\"infobox-icon elementor-animation-float\">\n\n                            <img decoding=\"async\" src=\"https:\/\/trias-solutions.li\/wp-content\/uploads\/2022\/12\/juergen_macrostopic_view_of_an_object_in_gold_an_anthrazite_rou_8ca06690-9b19-44d5-bbaa-30a5e1fa88d0-300x300.png\" alt=\"Trias Solutions - abstraktes Bild von Gold St\u00fccken\">\n            \n            \n            \n        <\/div>\n            <div class=\"infobox-content\">\n                            <h2 class=\"title\">D\u00e9tection de drones<\/h2>\n                    <\/div>\n            <\/div>\n\n\t\t            <\/a>\n\t\t\t\t<\/div>\n\t\t\t\t<\/div>\n\t\t\t\t\t<\/div>\n\t\t<\/div>\n\t\t\t\t\t\t\t<\/div>\n\t\t<\/section>\n\t\t\t\t\t\t\t<\/div>\n\t\t","protected":false},"excerpt":{"rendered":"<p>D\u00e9tectives priv\u00e9s au service des particuliers D\u00e9tectives priv\u00e9s dans le domaine commercial Protection rapproch\u00e9e et Protective Intelligence (PI) Technologies de<\/p>\n","protected":false},"author":4,"featured_media":0,"parent":0,"menu_order":0,"comment_status":"closed","ping_status":"closed","template":"","meta":{"footnotes":""},"yoast_head":"<!-- This site is optimized with the Yoast SEO plugin v21.5 - https:\/\/yoast.com\/wordpress\/plugins\/seo\/ -->\n<title>Prestations - Trias Solutions<\/title>\n<meta name=\"robots\" content=\"index, follow, max-snippet:-1, max-image-preview:large, max-video-preview:-1\" \/>\n<link rel=\"canonical\" href=\"https:\/\/trias-solutions.li\/fr\/prestations\/\" \/>\n<meta property=\"og:locale\" content=\"fr_FR\" \/>\n<meta property=\"og:type\" content=\"article\" \/>\n<meta property=\"og:title\" content=\"Prestations - Trias Solutions\" \/>\n<meta property=\"og:description\" content=\"D\u00e9tectives priv\u00e9s au service des particuliers D\u00e9tectives priv\u00e9s dans le domaine commercial Protection rapproch\u00e9e et Protective Intelligence (PI) Technologies de\" \/>\n<meta property=\"og:url\" content=\"https:\/\/trias-solutions.li\/fr\/prestations\/\" \/>\n<meta property=\"og:site_name\" content=\"Trias Solutions\" \/>\n<meta property=\"article:modified_time\" content=\"2023-02-02T10:57:11+00:00\" \/>\n<meta property=\"og:image\" content=\"https:\/\/trias-solutions.li\/wp-content\/uploads\/2022\/12\/juergen_macrostopic_view_of_an_object_in_gold_an_anthrazite_rou_ba466e9d-eb8e-4c2f-9c80-a972d39174c2-300x300.png\" \/>\n<meta name=\"twitter:card\" content=\"summary_large_image\" \/>\n<meta name=\"twitter:label1\" content=\"Dur\u00e9e de lecture estim\u00e9e\" \/>\n\t<meta name=\"twitter:data1\" content=\"2 minutes\" \/>\n<script type=\"application\/ld+json\" class=\"yoast-schema-graph\">{\"@context\":\"https:\/\/schema.org\",\"@graph\":[{\"@type\":\"WebPage\",\"@id\":\"https:\/\/trias-solutions.li\/fr\/prestations\/\",\"url\":\"https:\/\/trias-solutions.li\/fr\/prestations\/\",\"name\":\"Prestations - Trias Solutions\",\"isPartOf\":{\"@id\":\"https:\/\/trias-solutions.li\/#website\"},\"datePublished\":\"2021-06-11T08:06:21+00:00\",\"dateModified\":\"2023-02-02T10:57:11+00:00\",\"breadcrumb\":{\"@id\":\"https:\/\/trias-solutions.li\/fr\/prestations\/#breadcrumb\"},\"inLanguage\":\"fr-FR\",\"potentialAction\":[{\"@type\":\"ReadAction\",\"target\":[\"https:\/\/trias-solutions.li\/fr\/prestations\/\"]}]},{\"@type\":\"BreadcrumbList\",\"@id\":\"https:\/\/trias-solutions.li\/fr\/prestations\/#breadcrumb\",\"itemListElement\":[{\"@type\":\"ListItem\",\"position\":1,\"name\":\"Startseite\",\"item\":\"https:\/\/trias-solutions.li\/fr\/\"},{\"@type\":\"ListItem\",\"position\":2,\"name\":\"Prestations\"}]},{\"@type\":\"WebSite\",\"@id\":\"https:\/\/trias-solutions.li\/#website\",\"url\":\"https:\/\/trias-solutions.li\/\",\"name\":\"Trias Solutions\",\"description\":\"\",\"publisher\":{\"@id\":\"https:\/\/trias-solutions.li\/#organization\"},\"potentialAction\":[{\"@type\":\"SearchAction\",\"target\":{\"@type\":\"EntryPoint\",\"urlTemplate\":\"https:\/\/trias-solutions.li\/?s={search_term_string}\"},\"query-input\":\"required name=search_term_string\"}],\"inLanguage\":\"fr-FR\"},{\"@type\":\"Organization\",\"@id\":\"https:\/\/trias-solutions.li\/#organization\",\"name\":\"Trias Solutions\",\"url\":\"https:\/\/trias-solutions.li\/\",\"logo\":{\"@type\":\"ImageObject\",\"inLanguage\":\"fr-FR\",\"@id\":\"https:\/\/trias-solutions.li\/#\/schema\/logo\/image\/\",\"url\":\"https:\/\/trias-solutions.li\/wp-content\/uploads\/2022\/12\/Trias-Solutions-Logo-500x333-1.png\",\"contentUrl\":\"https:\/\/trias-solutions.li\/wp-content\/uploads\/2022\/12\/Trias-Solutions-Logo-500x333-1.png\",\"width\":500,\"height\":333,\"caption\":\"Trias Solutions\"},\"image\":{\"@id\":\"https:\/\/trias-solutions.li\/#\/schema\/logo\/image\/\"}}]}<\/script>\n<!-- \/ Yoast SEO plugin. -->","yoast_head_json":{"title":"Prestations - Trias Solutions","robots":{"index":"index","follow":"follow","max-snippet":"max-snippet:-1","max-image-preview":"max-image-preview:large","max-video-preview":"max-video-preview:-1"},"canonical":"https:\/\/trias-solutions.li\/fr\/prestations\/","og_locale":"fr_FR","og_type":"article","og_title":"Prestations - Trias Solutions","og_description":"D\u00e9tectives priv\u00e9s au service des particuliers D\u00e9tectives priv\u00e9s dans le domaine commercial Protection rapproch\u00e9e et Protective Intelligence (PI) Technologies de","og_url":"https:\/\/trias-solutions.li\/fr\/prestations\/","og_site_name":"Trias Solutions","article_modified_time":"2023-02-02T10:57:11+00:00","og_image":[{"url":"https:\/\/trias-solutions.li\/wp-content\/uploads\/2022\/12\/juergen_macrostopic_view_of_an_object_in_gold_an_anthrazite_rou_ba466e9d-eb8e-4c2f-9c80-a972d39174c2-300x300.png"}],"twitter_card":"summary_large_image","twitter_misc":{"Dur\u00e9e de lecture estim\u00e9e":"2 minutes"},"schema":{"@context":"https:\/\/schema.org","@graph":[{"@type":"WebPage","@id":"https:\/\/trias-solutions.li\/fr\/prestations\/","url":"https:\/\/trias-solutions.li\/fr\/prestations\/","name":"Prestations - Trias Solutions","isPartOf":{"@id":"https:\/\/trias-solutions.li\/#website"},"datePublished":"2021-06-11T08:06:21+00:00","dateModified":"2023-02-02T10:57:11+00:00","breadcrumb":{"@id":"https:\/\/trias-solutions.li\/fr\/prestations\/#breadcrumb"},"inLanguage":"fr-FR","potentialAction":[{"@type":"ReadAction","target":["https:\/\/trias-solutions.li\/fr\/prestations\/"]}]},{"@type":"BreadcrumbList","@id":"https:\/\/trias-solutions.li\/fr\/prestations\/#breadcrumb","itemListElement":[{"@type":"ListItem","position":1,"name":"Startseite","item":"https:\/\/trias-solutions.li\/fr\/"},{"@type":"ListItem","position":2,"name":"Prestations"}]},{"@type":"WebSite","@id":"https:\/\/trias-solutions.li\/#website","url":"https:\/\/trias-solutions.li\/","name":"Trias Solutions","description":"","publisher":{"@id":"https:\/\/trias-solutions.li\/#organization"},"potentialAction":[{"@type":"SearchAction","target":{"@type":"EntryPoint","urlTemplate":"https:\/\/trias-solutions.li\/?s={search_term_string}"},"query-input":"required name=search_term_string"}],"inLanguage":"fr-FR"},{"@type":"Organization","@id":"https:\/\/trias-solutions.li\/#organization","name":"Trias Solutions","url":"https:\/\/trias-solutions.li\/","logo":{"@type":"ImageObject","inLanguage":"fr-FR","@id":"https:\/\/trias-solutions.li\/#\/schema\/logo\/image\/","url":"https:\/\/trias-solutions.li\/wp-content\/uploads\/2022\/12\/Trias-Solutions-Logo-500x333-1.png","contentUrl":"https:\/\/trias-solutions.li\/wp-content\/uploads\/2022\/12\/Trias-Solutions-Logo-500x333-1.png","width":500,"height":333,"caption":"Trias Solutions"},"image":{"@id":"https:\/\/trias-solutions.li\/#\/schema\/logo\/image\/"}}]}},"_links":{"self":[{"href":"https:\/\/trias-solutions.li\/fr\/wp-json\/wp\/v2\/pages\/1061"}],"collection":[{"href":"https:\/\/trias-solutions.li\/fr\/wp-json\/wp\/v2\/pages"}],"about":[{"href":"https:\/\/trias-solutions.li\/fr\/wp-json\/wp\/v2\/types\/page"}],"author":[{"embeddable":true,"href":"https:\/\/trias-solutions.li\/fr\/wp-json\/wp\/v2\/users\/4"}],"replies":[{"embeddable":true,"href":"https:\/\/trias-solutions.li\/fr\/wp-json\/wp\/v2\/comments?post=1061"}],"version-history":[{"count":0,"href":"https:\/\/trias-solutions.li\/fr\/wp-json\/wp\/v2\/pages\/1061\/revisions"}],"wp:attachment":[{"href":"https:\/\/trias-solutions.li\/fr\/wp-json\/wp\/v2\/media?parent=1061"}],"curies":[{"name":"wp","href":"https:\/\/api.w.org\/{rel}","templated":true}]}}