{"id":1041,"date":"2022-12-12T08:56:24","date_gmt":"2022-12-12T07:56:24","guid":{"rendered":"https:\/\/triasli.loftmynd.com\/privatdetektei\/"},"modified":"2023-02-01T13:43:44","modified_gmt":"2023-02-01T12:43:44","slug":"detectives-prives-au-service-des-particuliers","status":"publish","type":"page","link":"https:\/\/trias-solutions.li\/fr\/prestations\/detectives-prives-au-service-des-particuliers\/","title":{"rendered":"D\u00e9tectives priv\u00e9s au service des particuliers"},"content":{"rendered":"\t\t<div data-elementor-type=\"wp-page\" data-elementor-id=\"1041\" class=\"elementor elementor-1041 elementor-496\" data-elementor-post-type=\"page\">\n\t\t\t\t\t\t\t\t\t<section data-particle_enable=\"false\" data-particle-mobile-disabled=\"false\" class=\"wd-negative-gap elementor-section elementor-top-section elementor-element elementor-element-d841659 elementor-section-boxed elementor-section-height-default elementor-section-height-default wd-section-disabled\" data-id=\"d841659\" data-element_type=\"section\">\n\t\t\t\t\t\t<div class=\"elementor-container elementor-column-gap-default\">\n\t\t\t\t\t<div class=\"elementor-column elementor-col-50 elementor-top-column elementor-element elementor-element-9ece007\" data-id=\"9ece007\" data-element_type=\"column\">\n\t\t\t<div class=\"elementor-widget-wrap elementor-element-populated\">\n\t\t\t\t\t\t\t\t<div class=\"elementor-element elementor-element-9fbf328 elementor-drop-cap-yes color-scheme-inherit text-left elementor-drop-cap-view-default elementor-widget elementor-widget-text-editor\" data-id=\"9fbf328\" data-element_type=\"widget\" data-settings=\"{&quot;drop_cap&quot;:&quot;yes&quot;}\" data-widget_type=\"text-editor.default\">\n\t\t\t\t<div class=\"elementor-widget-container\">\n\t\t\t<style>\/*! elementor - v3.17.0 - 08-11-2023 *\/\n.elementor-widget-text-editor.elementor-drop-cap-view-stacked .elementor-drop-cap{background-color:#69727d;color:#fff}.elementor-widget-text-editor.elementor-drop-cap-view-framed .elementor-drop-cap{color:#69727d;border:3px solid;background-color:transparent}.elementor-widget-text-editor:not(.elementor-drop-cap-view-default) .elementor-drop-cap{margin-top:8px}.elementor-widget-text-editor:not(.elementor-drop-cap-view-default) .elementor-drop-cap-letter{width:1em;height:1em}.elementor-widget-text-editor .elementor-drop-cap{float:left;text-align:center;line-height:1;font-size:50px}.elementor-widget-text-editor .elementor-drop-cap-letter{display:inline-block}<\/style>\t\t\t\t<p>Dans le secteur priv\u00e9, les activit\u00e9s principales de TRIAS Solutions comprennent les enqu\u00eates en cas de d\u00e9lits, l\u2019obtention de preuves dans le cadre familial, la recherche et la surveillance de personnes ainsi que les recherches d&rsquo;informations li\u00e9es \u00e0 une personne.<\/p><p>Tous nos d\u00e9tectives sont des sp\u00e9cialistes dans les domaines de la collecte de preuves, de l\u2019enqu\u00eate, des recherches et de l\u2019observation. En cas de situations complexes, nous faisons appel \u00e0 des analystes et des juristes afin d\u2019assurer l\u2019obtention de preuves utilisables devant un tribunal.<\/p>\t\t\t\t\t\t<\/div>\n\t\t\t\t<\/div>\n\t\t\t\t\t<\/div>\n\t\t<\/div>\n\t\t\t\t<div class=\"elementor-column elementor-col-50 elementor-top-column elementor-element elementor-element-ee90e9f\" data-id=\"ee90e9f\" data-element_type=\"column\">\n\t\t\t<div class=\"elementor-widget-wrap elementor-element-populated\">\n\t\t\t\t\t\t\t\t\t<link rel=\"stylesheet\" id=\"wd-animations-css\" href=\"https:\/\/trias-solutions.li\/wp-content\/themes\/woodmart\/css\/parts\/mod-animations.min.css?ver=7.0.4\" type=\"text\/css\" media=\"all\" \/> \t\t\t\t\t<div class=\"elementor-element elementor-element-6c1fe82 wd-animation-slide-from-right wd-animation-slow wd_delay_100 elementor-widget elementor-widget-image\" data-id=\"6c1fe82\" data-element_type=\"widget\" data-widget_type=\"image.default\">\n\t\t\t\t<div class=\"elementor-widget-container\">\n\t\t\t<style>\/*! elementor - v3.17.0 - 08-11-2023 *\/\n.elementor-widget-image{text-align:center}.elementor-widget-image a{display:inline-block}.elementor-widget-image a img[src$=\".svg\"]{width:48px}.elementor-widget-image img{vertical-align:middle;display:inline-block}<\/style>\t\t\t\t\t\t\t\t\t\t\t\t<img loading=\"lazy\" decoding=\"async\" width=\"768\" height=\"439\" src=\"https:\/\/trias-solutions.li\/wp-content\/uploads\/2022\/11\/juergen_abstract_landscape_in_gold_and_anthrazite_with_reflecti_993505b8-5edb-4ca1-a2bb-1935d4026a8b-768x439.png\" class=\"attachment-medium_large size-medium_large wp-image-798\" alt=\"\" srcset=\"https:\/\/trias-solutions.li\/wp-content\/uploads\/2022\/11\/juergen_abstract_landscape_in_gold_and_anthrazite_with_reflecti_993505b8-5edb-4ca1-a2bb-1935d4026a8b-768x439.png 768w, https:\/\/trias-solutions.li\/wp-content\/uploads\/2022\/11\/juergen_abstract_landscape_in_gold_and_anthrazite_with_reflecti_993505b8-5edb-4ca1-a2bb-1935d4026a8b-300x171.png 300w, https:\/\/trias-solutions.li\/wp-content\/uploads\/2022\/11\/juergen_abstract_landscape_in_gold_and_anthrazite_with_reflecti_993505b8-5edb-4ca1-a2bb-1935d4026a8b-1024x585.png 1024w, https:\/\/trias-solutions.li\/wp-content\/uploads\/2022\/11\/juergen_abstract_landscape_in_gold_and_anthrazite_with_reflecti_993505b8-5edb-4ca1-a2bb-1935d4026a8b-1536x878.png 1536w, https:\/\/trias-solutions.li\/wp-content\/uploads\/2022\/11\/juergen_abstract_landscape_in_gold_and_anthrazite_with_reflecti_993505b8-5edb-4ca1-a2bb-1935d4026a8b-200x114.png 200w, https:\/\/trias-solutions.li\/wp-content\/uploads\/2022\/11\/juergen_abstract_landscape_in_gold_and_anthrazite_with_reflecti_993505b8-5edb-4ca1-a2bb-1935d4026a8b-400x229.png 400w, https:\/\/trias-solutions.li\/wp-content\/uploads\/2022\/11\/juergen_abstract_landscape_in_gold_and_anthrazite_with_reflecti_993505b8-5edb-4ca1-a2bb-1935d4026a8b-600x343.png 600w, https:\/\/trias-solutions.li\/wp-content\/uploads\/2022\/11\/juergen_abstract_landscape_in_gold_and_anthrazite_with_reflecti_993505b8-5edb-4ca1-a2bb-1935d4026a8b-800x457.png 800w, https:\/\/trias-solutions.li\/wp-content\/uploads\/2022\/11\/juergen_abstract_landscape_in_gold_and_anthrazite_with_reflecti_993505b8-5edb-4ca1-a2bb-1935d4026a8b-1200x686.png 1200w, https:\/\/trias-solutions.li\/wp-content\/uploads\/2022\/11\/juergen_abstract_landscape_in_gold_and_anthrazite_with_reflecti_993505b8-5edb-4ca1-a2bb-1935d4026a8b-500x286.png 500w, https:\/\/trias-solutions.li\/wp-content\/uploads\/2022\/11\/juergen_abstract_landscape_in_gold_and_anthrazite_with_reflecti_993505b8-5edb-4ca1-a2bb-1935d4026a8b-700x400.png 700w, https:\/\/trias-solutions.li\/wp-content\/uploads\/2022\/11\/juergen_abstract_landscape_in_gold_and_anthrazite_with_reflecti_993505b8-5edb-4ca1-a2bb-1935d4026a8b.png 1792w\" sizes=\"(max-width: 768px) 100vw, 768px\" \/>\t\t\t\t\t\t\t\t\t\t\t\t\t\t\t<\/div>\n\t\t\t\t<\/div>\n\t\t\t\t\t<\/div>\n\t\t<\/div>\n\t\t\t\t\t\t\t<\/div>\n\t\t<\/section>\n\t\t\t\t\t\t\t<\/div>\n\t\t","protected":false},"excerpt":{"rendered":"<p>Dans le secteur priv\u00e9, les activit\u00e9s principales de TRIAS Solutions comprennent les enqu\u00eates en cas de d\u00e9lits, l\u2019obtention de preuves<\/p>\n","protected":false},"author":4,"featured_media":0,"parent":1061,"menu_order":0,"comment_status":"closed","ping_status":"closed","template":"","meta":{"footnotes":""},"yoast_head":"<!-- This site is optimized with the Yoast SEO plugin v21.5 - https:\/\/yoast.com\/wordpress\/plugins\/seo\/ -->\n<title>D\u00e9tectives priv\u00e9s au service des particuliers - Trias Solutions<\/title>\n<meta name=\"robots\" content=\"index, follow, max-snippet:-1, max-image-preview:large, max-video-preview:-1\" \/>\n<link rel=\"canonical\" href=\"https:\/\/trias-solutions.li\/fr\/prestations\/detectives-prives-au-service-des-particuliers\/\" \/>\n<meta property=\"og:locale\" content=\"fr_FR\" \/>\n<meta property=\"og:type\" content=\"article\" \/>\n<meta property=\"og:title\" content=\"D\u00e9tectives priv\u00e9s au service des particuliers - Trias Solutions\" \/>\n<meta property=\"og:description\" content=\"Dans le secteur priv\u00e9, les activit\u00e9s principales de TRIAS Solutions comprennent les enqu\u00eates en cas de d\u00e9lits, l\u2019obtention de preuves\" \/>\n<meta property=\"og:url\" content=\"https:\/\/trias-solutions.li\/fr\/prestations\/detectives-prives-au-service-des-particuliers\/\" \/>\n<meta property=\"og:site_name\" content=\"Trias Solutions\" \/>\n<meta property=\"article:modified_time\" content=\"2023-02-01T12:43:44+00:00\" \/>\n<meta property=\"og:image\" content=\"https:\/\/trias-solutions.li\/wp-content\/uploads\/2022\/11\/juergen_abstract_landscape_in_gold_and_anthrazite_with_reflecti_993505b8-5edb-4ca1-a2bb-1935d4026a8b-768x439.png\" \/>\n<meta name=\"twitter:card\" content=\"summary_large_image\" \/>\n<meta name=\"twitter:label1\" content=\"Dur\u00e9e de lecture estim\u00e9e\" \/>\n\t<meta name=\"twitter:data1\" content=\"1 minute\" \/>\n<script type=\"application\/ld+json\" class=\"yoast-schema-graph\">{\"@context\":\"https:\/\/schema.org\",\"@graph\":[{\"@type\":\"WebPage\",\"@id\":\"https:\/\/trias-solutions.li\/fr\/prestations\/detectives-prives-au-service-des-particuliers\/\",\"url\":\"https:\/\/trias-solutions.li\/fr\/prestations\/detectives-prives-au-service-des-particuliers\/\",\"name\":\"D\u00e9tectives priv\u00e9s au service des particuliers - Trias Solutions\",\"isPartOf\":{\"@id\":\"https:\/\/trias-solutions.li\/#website\"},\"datePublished\":\"2022-12-12T07:56:24+00:00\",\"dateModified\":\"2023-02-01T12:43:44+00:00\",\"breadcrumb\":{\"@id\":\"https:\/\/trias-solutions.li\/fr\/prestations\/detectives-prives-au-service-des-particuliers\/#breadcrumb\"},\"inLanguage\":\"fr-FR\",\"potentialAction\":[{\"@type\":\"ReadAction\",\"target\":[\"https:\/\/trias-solutions.li\/fr\/prestations\/detectives-prives-au-service-des-particuliers\/\"]}]},{\"@type\":\"BreadcrumbList\",\"@id\":\"https:\/\/trias-solutions.li\/fr\/prestations\/detectives-prives-au-service-des-particuliers\/#breadcrumb\",\"itemListElement\":[{\"@type\":\"ListItem\",\"position\":1,\"name\":\"Startseite\",\"item\":\"https:\/\/trias-solutions.li\/fr\/\"},{\"@type\":\"ListItem\",\"position\":2,\"name\":\"Prestations\",\"item\":\"https:\/\/trias-solutions.li\/fr\/prestations\/\"},{\"@type\":\"ListItem\",\"position\":3,\"name\":\"D\u00e9tectives priv\u00e9s au service des particuliers\"}]},{\"@type\":\"WebSite\",\"@id\":\"https:\/\/trias-solutions.li\/#website\",\"url\":\"https:\/\/trias-solutions.li\/\",\"name\":\"Trias Solutions\",\"description\":\"\",\"publisher\":{\"@id\":\"https:\/\/trias-solutions.li\/#organization\"},\"potentialAction\":[{\"@type\":\"SearchAction\",\"target\":{\"@type\":\"EntryPoint\",\"urlTemplate\":\"https:\/\/trias-solutions.li\/?s={search_term_string}\"},\"query-input\":\"required name=search_term_string\"}],\"inLanguage\":\"fr-FR\"},{\"@type\":\"Organization\",\"@id\":\"https:\/\/trias-solutions.li\/#organization\",\"name\":\"Trias Solutions\",\"url\":\"https:\/\/trias-solutions.li\/\",\"logo\":{\"@type\":\"ImageObject\",\"inLanguage\":\"fr-FR\",\"@id\":\"https:\/\/trias-solutions.li\/#\/schema\/logo\/image\/\",\"url\":\"https:\/\/trias-solutions.li\/wp-content\/uploads\/2022\/12\/Trias-Solutions-Logo-500x333-1.png\",\"contentUrl\":\"https:\/\/trias-solutions.li\/wp-content\/uploads\/2022\/12\/Trias-Solutions-Logo-500x333-1.png\",\"width\":500,\"height\":333,\"caption\":\"Trias Solutions\"},\"image\":{\"@id\":\"https:\/\/trias-solutions.li\/#\/schema\/logo\/image\/\"}}]}<\/script>\n<!-- \/ Yoast SEO plugin. -->","yoast_head_json":{"title":"D\u00e9tectives priv\u00e9s au service des particuliers - Trias Solutions","robots":{"index":"index","follow":"follow","max-snippet":"max-snippet:-1","max-image-preview":"max-image-preview:large","max-video-preview":"max-video-preview:-1"},"canonical":"https:\/\/trias-solutions.li\/fr\/prestations\/detectives-prives-au-service-des-particuliers\/","og_locale":"fr_FR","og_type":"article","og_title":"D\u00e9tectives priv\u00e9s au service des particuliers - Trias Solutions","og_description":"Dans le secteur priv\u00e9, les activit\u00e9s principales de TRIAS Solutions comprennent les enqu\u00eates en cas de d\u00e9lits, l\u2019obtention de preuves","og_url":"https:\/\/trias-solutions.li\/fr\/prestations\/detectives-prives-au-service-des-particuliers\/","og_site_name":"Trias Solutions","article_modified_time":"2023-02-01T12:43:44+00:00","og_image":[{"url":"https:\/\/trias-solutions.li\/wp-content\/uploads\/2022\/11\/juergen_abstract_landscape_in_gold_and_anthrazite_with_reflecti_993505b8-5edb-4ca1-a2bb-1935d4026a8b-768x439.png"}],"twitter_card":"summary_large_image","twitter_misc":{"Dur\u00e9e de lecture estim\u00e9e":"1 minute"},"schema":{"@context":"https:\/\/schema.org","@graph":[{"@type":"WebPage","@id":"https:\/\/trias-solutions.li\/fr\/prestations\/detectives-prives-au-service-des-particuliers\/","url":"https:\/\/trias-solutions.li\/fr\/prestations\/detectives-prives-au-service-des-particuliers\/","name":"D\u00e9tectives priv\u00e9s au service des particuliers - Trias Solutions","isPartOf":{"@id":"https:\/\/trias-solutions.li\/#website"},"datePublished":"2022-12-12T07:56:24+00:00","dateModified":"2023-02-01T12:43:44+00:00","breadcrumb":{"@id":"https:\/\/trias-solutions.li\/fr\/prestations\/detectives-prives-au-service-des-particuliers\/#breadcrumb"},"inLanguage":"fr-FR","potentialAction":[{"@type":"ReadAction","target":["https:\/\/trias-solutions.li\/fr\/prestations\/detectives-prives-au-service-des-particuliers\/"]}]},{"@type":"BreadcrumbList","@id":"https:\/\/trias-solutions.li\/fr\/prestations\/detectives-prives-au-service-des-particuliers\/#breadcrumb","itemListElement":[{"@type":"ListItem","position":1,"name":"Startseite","item":"https:\/\/trias-solutions.li\/fr\/"},{"@type":"ListItem","position":2,"name":"Prestations","item":"https:\/\/trias-solutions.li\/fr\/prestations\/"},{"@type":"ListItem","position":3,"name":"D\u00e9tectives priv\u00e9s au service des particuliers"}]},{"@type":"WebSite","@id":"https:\/\/trias-solutions.li\/#website","url":"https:\/\/trias-solutions.li\/","name":"Trias Solutions","description":"","publisher":{"@id":"https:\/\/trias-solutions.li\/#organization"},"potentialAction":[{"@type":"SearchAction","target":{"@type":"EntryPoint","urlTemplate":"https:\/\/trias-solutions.li\/?s={search_term_string}"},"query-input":"required name=search_term_string"}],"inLanguage":"fr-FR"},{"@type":"Organization","@id":"https:\/\/trias-solutions.li\/#organization","name":"Trias Solutions","url":"https:\/\/trias-solutions.li\/","logo":{"@type":"ImageObject","inLanguage":"fr-FR","@id":"https:\/\/trias-solutions.li\/#\/schema\/logo\/image\/","url":"https:\/\/trias-solutions.li\/wp-content\/uploads\/2022\/12\/Trias-Solutions-Logo-500x333-1.png","contentUrl":"https:\/\/trias-solutions.li\/wp-content\/uploads\/2022\/12\/Trias-Solutions-Logo-500x333-1.png","width":500,"height":333,"caption":"Trias Solutions"},"image":{"@id":"https:\/\/trias-solutions.li\/#\/schema\/logo\/image\/"}}]}},"_links":{"self":[{"href":"https:\/\/trias-solutions.li\/fr\/wp-json\/wp\/v2\/pages\/1041"}],"collection":[{"href":"https:\/\/trias-solutions.li\/fr\/wp-json\/wp\/v2\/pages"}],"about":[{"href":"https:\/\/trias-solutions.li\/fr\/wp-json\/wp\/v2\/types\/page"}],"author":[{"embeddable":true,"href":"https:\/\/trias-solutions.li\/fr\/wp-json\/wp\/v2\/users\/4"}],"replies":[{"embeddable":true,"href":"https:\/\/trias-solutions.li\/fr\/wp-json\/wp\/v2\/comments?post=1041"}],"version-history":[{"count":0,"href":"https:\/\/trias-solutions.li\/fr\/wp-json\/wp\/v2\/pages\/1041\/revisions"}],"up":[{"embeddable":true,"href":"https:\/\/trias-solutions.li\/fr\/wp-json\/wp\/v2\/pages\/1061"}],"wp:attachment":[{"href":"https:\/\/trias-solutions.li\/fr\/wp-json\/wp\/v2\/media?parent=1041"}],"curies":[{"name":"wp","href":"https:\/\/api.w.org\/{rel}","templated":true}]}}