{"id":1038,"date":"2022-12-12T08:56:50","date_gmt":"2022-12-12T07:56:50","guid":{"rendered":"https:\/\/triasli.loftmynd.com\/wirtschaftsdetektei\/"},"modified":"2023-02-01T13:45:50","modified_gmt":"2023-02-01T12:45:50","slug":"detectives-prives-dans-le-domaine-commercial","status":"publish","type":"page","link":"https:\/\/trias-solutions.li\/fr\/prestations\/detectives-prives-dans-le-domaine-commercial\/","title":{"rendered":"D\u00e9tectives priv\u00e9s dans le domaine commercial"},"content":{"rendered":"\t\t<div data-elementor-type=\"wp-page\" data-elementor-id=\"1038\" class=\"elementor elementor-1038 elementor-497\" data-elementor-post-type=\"page\">\n\t\t\t\t\t\t\t\t\t<section data-particle_enable=\"false\" data-particle-mobile-disabled=\"false\" class=\"wd-negative-gap elementor-section elementor-top-section elementor-element elementor-element-7660069 elementor-section-boxed elementor-section-height-default elementor-section-height-default wd-section-disabled\" data-id=\"7660069\" data-element_type=\"section\">\n\t\t\t\t\t\t<div class=\"elementor-container elementor-column-gap-default\">\n\t\t\t\t\t<div class=\"elementor-column elementor-col-50 elementor-top-column elementor-element elementor-element-6023b21\" data-id=\"6023b21\" data-element_type=\"column\">\n\t\t\t<div class=\"elementor-widget-wrap elementor-element-populated\">\n\t\t\t\t\t\t\t\t<div class=\"elementor-element elementor-element-3f68320 elementor-drop-cap-yes color-scheme-inherit text-left elementor-drop-cap-view-default elementor-widget elementor-widget-text-editor\" data-id=\"3f68320\" data-element_type=\"widget\" data-settings=\"{&quot;drop_cap&quot;:&quot;yes&quot;}\" data-widget_type=\"text-editor.default\">\n\t\t\t\t<div class=\"elementor-widget-container\">\n\t\t\t<style>\/*! elementor - v3.17.0 - 08-11-2023 *\/\n.elementor-widget-text-editor.elementor-drop-cap-view-stacked .elementor-drop-cap{background-color:#69727d;color:#fff}.elementor-widget-text-editor.elementor-drop-cap-view-framed .elementor-drop-cap{color:#69727d;border:3px solid;background-color:transparent}.elementor-widget-text-editor:not(.elementor-drop-cap-view-default) .elementor-drop-cap{margin-top:8px}.elementor-widget-text-editor:not(.elementor-drop-cap-view-default) .elementor-drop-cap-letter{width:1em;height:1em}.elementor-widget-text-editor .elementor-drop-cap{float:left;text-align:center;line-height:1;font-size:50px}.elementor-widget-text-editor .elementor-drop-cap-letter{display:inline-block}<\/style>\t\t\t\t<p>En tant qu\u2019agence de d\u00e9tectives active dans le domaine commercial, TRIAS\u00a0Solutions intervient dans les cas suivants:<\/p><ul><li>enqu\u00eates commerciales<\/li><li>espionnage industriel<\/li><li>concurrence d\u00e9loyale<\/li><li>contrefa\u00e7on et piratage<\/li><li>travail au noir<\/li><li>corruption<\/li><li>infractions contre le patrimoine et atteinte au cr\u00e9dit<\/li><\/ul><p>Les failles de s\u00e9curit\u00e9 ont g\u00e9n\u00e9ralement pour origine le cercle de personnes interne \u00e0 une entreprise, d\u00e9coulant notamment du choix des collaborateurs et des partenaires commerciaux.<\/p>\t\t\t\t\t\t<\/div>\n\t\t\t\t<\/div>\n\t\t\t\t\t<\/div>\n\t\t<\/div>\n\t\t\t\t<div class=\"elementor-column elementor-col-50 elementor-top-column elementor-element elementor-element-02e0422\" data-id=\"02e0422\" data-element_type=\"column\">\n\t\t\t<div class=\"elementor-widget-wrap elementor-element-populated\">\n\t\t\t\t\t\t\t\t\t<link rel=\"stylesheet\" id=\"wd-animations-css\" href=\"https:\/\/trias-solutions.li\/wp-content\/themes\/woodmart\/css\/parts\/mod-animations.min.css?ver=7.0.4\" type=\"text\/css\" media=\"all\" \/> \t\t\t\t\t<div class=\"elementor-element elementor-element-c85cb94 wd-animation-slide-from-right wd-animation-slow wd_delay_100 elementor-widget elementor-widget-image\" data-id=\"c85cb94\" data-element_type=\"widget\" data-widget_type=\"image.default\">\n\t\t\t\t<div class=\"elementor-widget-container\">\n\t\t\t<style>\/*! elementor - v3.17.0 - 08-11-2023 *\/\n.elementor-widget-image{text-align:center}.elementor-widget-image a{display:inline-block}.elementor-widget-image a img[src$=\".svg\"]{width:48px}.elementor-widget-image img{vertical-align:middle;display:inline-block}<\/style>\t\t\t\t\t\t\t\t\t\t\t\t<img loading=\"lazy\" decoding=\"async\" width=\"768\" height=\"439\" src=\"https:\/\/trias-solutions.li\/wp-content\/uploads\/2022\/12\/juergen_abstract_landscape_in_gold_and_anthrazite_with_reflecti_b268b2c0-7373-47e1-a563-afb8f19e8f43-768x439.png\" class=\"attachment-medium_large size-medium_large wp-image-855\" alt=\"\" srcset=\"https:\/\/trias-solutions.li\/wp-content\/uploads\/2022\/12\/juergen_abstract_landscape_in_gold_and_anthrazite_with_reflecti_b268b2c0-7373-47e1-a563-afb8f19e8f43-768x439.png 768w, https:\/\/trias-solutions.li\/wp-content\/uploads\/2022\/12\/juergen_abstract_landscape_in_gold_and_anthrazite_with_reflecti_b268b2c0-7373-47e1-a563-afb8f19e8f43-300x171.png 300w, https:\/\/trias-solutions.li\/wp-content\/uploads\/2022\/12\/juergen_abstract_landscape_in_gold_and_anthrazite_with_reflecti_b268b2c0-7373-47e1-a563-afb8f19e8f43-1024x585.png 1024w, https:\/\/trias-solutions.li\/wp-content\/uploads\/2022\/12\/juergen_abstract_landscape_in_gold_and_anthrazite_with_reflecti_b268b2c0-7373-47e1-a563-afb8f19e8f43-1536x878.png 1536w, https:\/\/trias-solutions.li\/wp-content\/uploads\/2022\/12\/juergen_abstract_landscape_in_gold_and_anthrazite_with_reflecti_b268b2c0-7373-47e1-a563-afb8f19e8f43.png 1792w\" sizes=\"(max-width: 768px) 100vw, 768px\" \/>\t\t\t\t\t\t\t\t\t\t\t\t\t\t\t<\/div>\n\t\t\t\t<\/div>\n\t\t\t\t\t<\/div>\n\t\t<\/div>\n\t\t\t\t\t\t\t<\/div>\n\t\t<\/section>\n\t\t\t\t<section data-particle_enable=\"false\" data-particle-mobile-disabled=\"false\" class=\"wd-negative-gap elementor-section elementor-top-section elementor-element elementor-element-4ebd72c elementor-section-boxed elementor-section-height-default elementor-section-height-default wd-section-disabled\" data-id=\"4ebd72c\" data-element_type=\"section\">\n\t\t\t\t\t\t<div class=\"elementor-container elementor-column-gap-default\">\n\t\t\t\t\t<div class=\"elementor-column elementor-col-50 elementor-top-column elementor-element elementor-element-6994009\" data-id=\"6994009\" data-element_type=\"column\">\n\t\t\t<div class=\"elementor-widget-wrap elementor-element-populated\">\n\t\t\t\t\t\t\t\t<div class=\"elementor-element elementor-element-f82aa88 wd-animation-slide-from-left wd-animation-slow elementor-hidden-mobile wd_delay_100 elementor-widget elementor-widget-image\" data-id=\"f82aa88\" data-element_type=\"widget\" data-widget_type=\"image.default\">\n\t\t\t\t<div class=\"elementor-widget-container\">\n\t\t\t\t\t\t\t\t\t\t\t\t\t\t\t<img loading=\"lazy\" decoding=\"async\" width=\"768\" height=\"768\" src=\"https:\/\/trias-solutions.li\/wp-content\/uploads\/2022\/12\/juergen_macrostopic_view_of_an_object_in_gold_an_anthrazite_rou_eeabbceb-3c1b-4575-b352-87692fa82ba4-768x768.png\" class=\"attachment-medium_large size-medium_large wp-image-985\" alt=\"\" srcset=\"https:\/\/trias-solutions.li\/wp-content\/uploads\/2022\/12\/juergen_macrostopic_view_of_an_object_in_gold_an_anthrazite_rou_eeabbceb-3c1b-4575-b352-87692fa82ba4-768x768.png 768w, https:\/\/trias-solutions.li\/wp-content\/uploads\/2022\/12\/juergen_macrostopic_view_of_an_object_in_gold_an_anthrazite_rou_eeabbceb-3c1b-4575-b352-87692fa82ba4-300x300.png 300w, https:\/\/trias-solutions.li\/wp-content\/uploads\/2022\/12\/juergen_macrostopic_view_of_an_object_in_gold_an_anthrazite_rou_eeabbceb-3c1b-4575-b352-87692fa82ba4.png 1024w, https:\/\/trias-solutions.li\/wp-content\/uploads\/2022\/12\/juergen_macrostopic_view_of_an_object_in_gold_an_anthrazite_rou_eeabbceb-3c1b-4575-b352-87692fa82ba4-150x150.png 150w\" sizes=\"(max-width: 768px) 100vw, 768px\" \/>\t\t\t\t\t\t\t\t\t\t\t\t\t\t\t<\/div>\n\t\t\t\t<\/div>\n\t\t\t\t\t<\/div>\n\t\t<\/div>\n\t\t\t\t<div class=\"elementor-column elementor-col-50 elementor-top-column elementor-element elementor-element-aa24b79\" data-id=\"aa24b79\" data-element_type=\"column\">\n\t\t\t<div class=\"elementor-widget-wrap elementor-element-populated\">\n\t\t\t\t\t\t\t\t<div class=\"elementor-element elementor-element-6250b5e elementor-drop-cap-yes color-scheme-inherit text-left elementor-drop-cap-view-default elementor-widget elementor-widget-text-editor\" data-id=\"6250b5e\" data-element_type=\"widget\" data-settings=\"{&quot;drop_cap&quot;:&quot;yes&quot;}\" data-widget_type=\"text-editor.default\">\n\t\t\t\t<div class=\"elementor-widget-container\">\n\t\t\t\t\t\t\t<p>Avec le \u00abbackground check\u00bb, nous nous sommes sp\u00e9cialis\u00e9s dans la v\u00e9rification des ant\u00e9c\u00e9dents de personnes et d\u2019entreprises (collaborateurs, partenaires commerciaux, concurrents, etc.) \u00e0 l\u2019\u00e9chelle nationale et internationale, sur le plan priv\u00e9 et professionnel ainsi qu\u2019au niveau de l\u2019entreprise (SOCMINT, OSINT, audiences).<\/p><p>\u00c0 la demande du client, les services TRIAS peuvent comprendre, outre l\u2019\u00e9claircissement et la v\u00e9rification de faits, l\u2019\u00e9laboration de strat\u00e9gies visant \u00e0 \u00e9viter au mieux la survenue de faits similaires et de failles de s\u00e9curit\u00e9 \u00e0 l\u2019avenir.<\/p><p>Les membres de notre \u00e9quipe sont des sp\u00e9cialistes dans les domaines de la collecte d\u2019informations et de preuves, de l\u2019enqu\u00eate, des recherches et de l\u2019observation.<\/p><p>En cas de situations complexes, nous faisons appel \u00e0 des analystes et des juristes afin d\u2019\u00e9lucider les faits de la mani\u00e8re la plus compl\u00e8te possible et, au besoin, d\u2019assurer l\u2019obtention de preuves utilisables devant un tribunal.<\/p><p>\u00c0 la demande du client, un avocat d\u2019entreprise peut \u00e9galement apporter son aide dans le cadre de la revendication de droits civils et p\u00e9naux.<\/p>\t\t\t\t\t\t<\/div>\n\t\t\t\t<\/div>\n\t\t\t\t\t<\/div>\n\t\t<\/div>\n\t\t\t\t\t\t\t<\/div>\n\t\t<\/section>\n\t\t\t\t\t\t\t<\/div>\n\t\t","protected":false},"excerpt":{"rendered":"<p>En tant qu\u2019agence de d\u00e9tectives active dans le domaine commercial, TRIAS\u00a0Solutions intervient dans les cas suivants: enqu\u00eates commerciales espionnage industriel<\/p>\n","protected":false},"author":4,"featured_media":0,"parent":1061,"menu_order":0,"comment_status":"closed","ping_status":"closed","template":"","meta":{"footnotes":""},"yoast_head":"<!-- This site is optimized with the Yoast SEO plugin v21.5 - https:\/\/yoast.com\/wordpress\/plugins\/seo\/ -->\n<title>D\u00e9tectives priv\u00e9s dans le domaine commercial - Trias Solutions<\/title>\n<meta name=\"robots\" content=\"index, follow, max-snippet:-1, max-image-preview:large, max-video-preview:-1\" \/>\n<link rel=\"canonical\" href=\"https:\/\/trias-solutions.li\/fr\/prestations\/detectives-prives-dans-le-domaine-commercial\/\" \/>\n<meta property=\"og:locale\" content=\"fr_FR\" \/>\n<meta property=\"og:type\" content=\"article\" \/>\n<meta property=\"og:title\" content=\"D\u00e9tectives priv\u00e9s dans le domaine commercial - Trias Solutions\" \/>\n<meta property=\"og:description\" content=\"En tant qu\u2019agence de d\u00e9tectives active dans le domaine commercial, TRIAS\u00a0Solutions intervient dans les cas suivants: enqu\u00eates commerciales espionnage industriel\" \/>\n<meta property=\"og:url\" content=\"https:\/\/trias-solutions.li\/fr\/prestations\/detectives-prives-dans-le-domaine-commercial\/\" \/>\n<meta property=\"og:site_name\" content=\"Trias Solutions\" \/>\n<meta property=\"article:modified_time\" content=\"2023-02-01T12:45:50+00:00\" \/>\n<meta property=\"og:image\" content=\"https:\/\/trias-solutions.li\/wp-content\/uploads\/2022\/12\/juergen_abstract_landscape_in_gold_and_anthrazite_with_reflecti_b268b2c0-7373-47e1-a563-afb8f19e8f43-768x439.png\" \/>\n<meta name=\"twitter:card\" content=\"summary_large_image\" \/>\n<meta name=\"twitter:label1\" content=\"Dur\u00e9e de lecture estim\u00e9e\" \/>\n\t<meta name=\"twitter:data1\" content=\"2 minutes\" \/>\n<script type=\"application\/ld+json\" class=\"yoast-schema-graph\">{\"@context\":\"https:\/\/schema.org\",\"@graph\":[{\"@type\":\"WebPage\",\"@id\":\"https:\/\/trias-solutions.li\/fr\/prestations\/detectives-prives-dans-le-domaine-commercial\/\",\"url\":\"https:\/\/trias-solutions.li\/fr\/prestations\/detectives-prives-dans-le-domaine-commercial\/\",\"name\":\"D\u00e9tectives priv\u00e9s dans le domaine commercial - Trias Solutions\",\"isPartOf\":{\"@id\":\"https:\/\/trias-solutions.li\/#website\"},\"datePublished\":\"2022-12-12T07:56:50+00:00\",\"dateModified\":\"2023-02-01T12:45:50+00:00\",\"breadcrumb\":{\"@id\":\"https:\/\/trias-solutions.li\/fr\/prestations\/detectives-prives-dans-le-domaine-commercial\/#breadcrumb\"},\"inLanguage\":\"fr-FR\",\"potentialAction\":[{\"@type\":\"ReadAction\",\"target\":[\"https:\/\/trias-solutions.li\/fr\/prestations\/detectives-prives-dans-le-domaine-commercial\/\"]}]},{\"@type\":\"BreadcrumbList\",\"@id\":\"https:\/\/trias-solutions.li\/fr\/prestations\/detectives-prives-dans-le-domaine-commercial\/#breadcrumb\",\"itemListElement\":[{\"@type\":\"ListItem\",\"position\":1,\"name\":\"Startseite\",\"item\":\"https:\/\/trias-solutions.li\/fr\/\"},{\"@type\":\"ListItem\",\"position\":2,\"name\":\"Prestations\",\"item\":\"https:\/\/trias-solutions.li\/fr\/prestations\/\"},{\"@type\":\"ListItem\",\"position\":3,\"name\":\"D\u00e9tectives priv\u00e9s dans le domaine commercial\"}]},{\"@type\":\"WebSite\",\"@id\":\"https:\/\/trias-solutions.li\/#website\",\"url\":\"https:\/\/trias-solutions.li\/\",\"name\":\"Trias Solutions\",\"description\":\"\",\"publisher\":{\"@id\":\"https:\/\/trias-solutions.li\/#organization\"},\"potentialAction\":[{\"@type\":\"SearchAction\",\"target\":{\"@type\":\"EntryPoint\",\"urlTemplate\":\"https:\/\/trias-solutions.li\/?s={search_term_string}\"},\"query-input\":\"required name=search_term_string\"}],\"inLanguage\":\"fr-FR\"},{\"@type\":\"Organization\",\"@id\":\"https:\/\/trias-solutions.li\/#organization\",\"name\":\"Trias Solutions\",\"url\":\"https:\/\/trias-solutions.li\/\",\"logo\":{\"@type\":\"ImageObject\",\"inLanguage\":\"fr-FR\",\"@id\":\"https:\/\/trias-solutions.li\/#\/schema\/logo\/image\/\",\"url\":\"https:\/\/trias-solutions.li\/wp-content\/uploads\/2022\/12\/Trias-Solutions-Logo-500x333-1.png\",\"contentUrl\":\"https:\/\/trias-solutions.li\/wp-content\/uploads\/2022\/12\/Trias-Solutions-Logo-500x333-1.png\",\"width\":500,\"height\":333,\"caption\":\"Trias Solutions\"},\"image\":{\"@id\":\"https:\/\/trias-solutions.li\/#\/schema\/logo\/image\/\"}}]}<\/script>\n<!-- \/ Yoast SEO plugin. -->","yoast_head_json":{"title":"D\u00e9tectives priv\u00e9s dans le domaine commercial - Trias Solutions","robots":{"index":"index","follow":"follow","max-snippet":"max-snippet:-1","max-image-preview":"max-image-preview:large","max-video-preview":"max-video-preview:-1"},"canonical":"https:\/\/trias-solutions.li\/fr\/prestations\/detectives-prives-dans-le-domaine-commercial\/","og_locale":"fr_FR","og_type":"article","og_title":"D\u00e9tectives priv\u00e9s dans le domaine commercial - Trias Solutions","og_description":"En tant qu\u2019agence de d\u00e9tectives active dans le domaine commercial, TRIAS\u00a0Solutions intervient dans les cas suivants: enqu\u00eates commerciales espionnage industriel","og_url":"https:\/\/trias-solutions.li\/fr\/prestations\/detectives-prives-dans-le-domaine-commercial\/","og_site_name":"Trias Solutions","article_modified_time":"2023-02-01T12:45:50+00:00","og_image":[{"url":"https:\/\/trias-solutions.li\/wp-content\/uploads\/2022\/12\/juergen_abstract_landscape_in_gold_and_anthrazite_with_reflecti_b268b2c0-7373-47e1-a563-afb8f19e8f43-768x439.png"}],"twitter_card":"summary_large_image","twitter_misc":{"Dur\u00e9e de lecture estim\u00e9e":"2 minutes"},"schema":{"@context":"https:\/\/schema.org","@graph":[{"@type":"WebPage","@id":"https:\/\/trias-solutions.li\/fr\/prestations\/detectives-prives-dans-le-domaine-commercial\/","url":"https:\/\/trias-solutions.li\/fr\/prestations\/detectives-prives-dans-le-domaine-commercial\/","name":"D\u00e9tectives priv\u00e9s dans le domaine commercial - Trias Solutions","isPartOf":{"@id":"https:\/\/trias-solutions.li\/#website"},"datePublished":"2022-12-12T07:56:50+00:00","dateModified":"2023-02-01T12:45:50+00:00","breadcrumb":{"@id":"https:\/\/trias-solutions.li\/fr\/prestations\/detectives-prives-dans-le-domaine-commercial\/#breadcrumb"},"inLanguage":"fr-FR","potentialAction":[{"@type":"ReadAction","target":["https:\/\/trias-solutions.li\/fr\/prestations\/detectives-prives-dans-le-domaine-commercial\/"]}]},{"@type":"BreadcrumbList","@id":"https:\/\/trias-solutions.li\/fr\/prestations\/detectives-prives-dans-le-domaine-commercial\/#breadcrumb","itemListElement":[{"@type":"ListItem","position":1,"name":"Startseite","item":"https:\/\/trias-solutions.li\/fr\/"},{"@type":"ListItem","position":2,"name":"Prestations","item":"https:\/\/trias-solutions.li\/fr\/prestations\/"},{"@type":"ListItem","position":3,"name":"D\u00e9tectives priv\u00e9s dans le domaine commercial"}]},{"@type":"WebSite","@id":"https:\/\/trias-solutions.li\/#website","url":"https:\/\/trias-solutions.li\/","name":"Trias Solutions","description":"","publisher":{"@id":"https:\/\/trias-solutions.li\/#organization"},"potentialAction":[{"@type":"SearchAction","target":{"@type":"EntryPoint","urlTemplate":"https:\/\/trias-solutions.li\/?s={search_term_string}"},"query-input":"required name=search_term_string"}],"inLanguage":"fr-FR"},{"@type":"Organization","@id":"https:\/\/trias-solutions.li\/#organization","name":"Trias Solutions","url":"https:\/\/trias-solutions.li\/","logo":{"@type":"ImageObject","inLanguage":"fr-FR","@id":"https:\/\/trias-solutions.li\/#\/schema\/logo\/image\/","url":"https:\/\/trias-solutions.li\/wp-content\/uploads\/2022\/12\/Trias-Solutions-Logo-500x333-1.png","contentUrl":"https:\/\/trias-solutions.li\/wp-content\/uploads\/2022\/12\/Trias-Solutions-Logo-500x333-1.png","width":500,"height":333,"caption":"Trias Solutions"},"image":{"@id":"https:\/\/trias-solutions.li\/#\/schema\/logo\/image\/"}}]}},"_links":{"self":[{"href":"https:\/\/trias-solutions.li\/fr\/wp-json\/wp\/v2\/pages\/1038"}],"collection":[{"href":"https:\/\/trias-solutions.li\/fr\/wp-json\/wp\/v2\/pages"}],"about":[{"href":"https:\/\/trias-solutions.li\/fr\/wp-json\/wp\/v2\/types\/page"}],"author":[{"embeddable":true,"href":"https:\/\/trias-solutions.li\/fr\/wp-json\/wp\/v2\/users\/4"}],"replies":[{"embeddable":true,"href":"https:\/\/trias-solutions.li\/fr\/wp-json\/wp\/v2\/comments?post=1038"}],"version-history":[{"count":0,"href":"https:\/\/trias-solutions.li\/fr\/wp-json\/wp\/v2\/pages\/1038\/revisions"}],"up":[{"embeddable":true,"href":"https:\/\/trias-solutions.li\/fr\/wp-json\/wp\/v2\/pages\/1061"}],"wp:attachment":[{"href":"https:\/\/trias-solutions.li\/fr\/wp-json\/wp\/v2\/media?parent=1038"}],"curies":[{"name":"wp","href":"https:\/\/api.w.org\/{rel}","templated":true}]}}