{"id":1035,"date":"2022-12-12T08:57:28","date_gmt":"2022-12-12T07:57:28","guid":{"rendered":"https:\/\/triasli.loftmynd.com\/personenschutz-protective-intelligence-pi\/"},"modified":"2023-02-01T13:50:17","modified_gmt":"2023-02-01T12:50:17","slug":"protection-rapprochee-pi","status":"publish","type":"page","link":"https:\/\/trias-solutions.li\/fr\/prestations\/protection-rapprochee-pi\/","title":{"rendered":"Protection rapproch\u00e9e\u00a0\u2013 PI"},"content":{"rendered":"\t\t<div data-elementor-type=\"wp-page\" data-elementor-id=\"1035\" class=\"elementor elementor-1035 elementor-498\" data-elementor-post-type=\"page\">\n\t\t\t\t\t\t\t\t\t<section data-particle_enable=\"false\" data-particle-mobile-disabled=\"false\" class=\"wd-negative-gap elementor-section elementor-top-section elementor-element elementor-element-4da95bb elementor-section-boxed elementor-section-height-default elementor-section-height-default wd-section-disabled\" data-id=\"4da95bb\" data-element_type=\"section\">\n\t\t\t\t\t\t<div class=\"elementor-container elementor-column-gap-default\">\n\t\t\t\t\t<div class=\"elementor-column elementor-col-50 elementor-top-column elementor-element elementor-element-33675b8\" data-id=\"33675b8\" data-element_type=\"column\">\n\t\t\t<div class=\"elementor-widget-wrap elementor-element-populated\">\n\t\t\t\t\t\t\t\t<div class=\"elementor-element elementor-element-7299140 elementor-drop-cap-yes color-scheme-inherit text-left elementor-drop-cap-view-default elementor-widget elementor-widget-text-editor\" data-id=\"7299140\" data-element_type=\"widget\" data-settings=\"{&quot;drop_cap&quot;:&quot;yes&quot;}\" data-widget_type=\"text-editor.default\">\n\t\t\t\t<div class=\"elementor-widget-container\">\n\t\t\t<style>\/*! elementor - v3.17.0 - 08-11-2023 *\/\n.elementor-widget-text-editor.elementor-drop-cap-view-stacked .elementor-drop-cap{background-color:#69727d;color:#fff}.elementor-widget-text-editor.elementor-drop-cap-view-framed .elementor-drop-cap{color:#69727d;border:3px solid;background-color:transparent}.elementor-widget-text-editor:not(.elementor-drop-cap-view-default) .elementor-drop-cap{margin-top:8px}.elementor-widget-text-editor:not(.elementor-drop-cap-view-default) .elementor-drop-cap-letter{width:1em;height:1em}.elementor-widget-text-editor .elementor-drop-cap{float:left;text-align:center;line-height:1;font-size:50px}.elementor-widget-text-editor .elementor-drop-cap-letter{display:inline-block}<\/style>\t\t\t\t<p>La Protective Intelligence (PI) est une m\u00e9thode proactive permettant l\u2019identification, l\u2019\u00e9valuation, la limitation et la pr\u00e9vention de menaces potentielles. Il s\u2019agit d\u2019une branche essentielle de la protection rapproch\u00e9e qui rel\u00e8ve de l\u2019analyse des risques et des menaces.<\/p><p>TRIAS\u00a0Solutions propose des mesures et des concepts de s\u00e9curit\u00e9 \u00e0 l\u2019\u00e9chelle internationale, ponctuels ou globaux, pour prot\u00e9ger des personnes ou des lieux expos\u00e9s dans le cadre priv\u00e9 ou professionnel.<\/p>\t\t\t\t\t\t<\/div>\n\t\t\t\t<\/div>\n\t\t\t\t\t<\/div>\n\t\t<\/div>\n\t\t\t\t<div class=\"elementor-column elementor-col-50 elementor-top-column elementor-element elementor-element-4e049cf\" data-id=\"4e049cf\" data-element_type=\"column\">\n\t\t\t<div class=\"elementor-widget-wrap elementor-element-populated\">\n\t\t\t\t\t\t\t\t\t<link rel=\"stylesheet\" id=\"wd-animations-css\" href=\"https:\/\/trias-solutions.li\/wp-content\/themes\/woodmart\/css\/parts\/mod-animations.min.css?ver=7.0.4\" type=\"text\/css\" media=\"all\" \/> \t\t\t\t\t<div class=\"elementor-element elementor-element-43660a1 wd-animation-slide-from-right wd-animation-slow wd_delay_100 elementor-widget elementor-widget-image\" data-id=\"43660a1\" data-element_type=\"widget\" data-widget_type=\"image.default\">\n\t\t\t\t<div class=\"elementor-widget-container\">\n\t\t\t<style>\/*! elementor - v3.17.0 - 08-11-2023 *\/\n.elementor-widget-image{text-align:center}.elementor-widget-image a{display:inline-block}.elementor-widget-image a img[src$=\".svg\"]{width:48px}.elementor-widget-image img{vertical-align:middle;display:inline-block}<\/style>\t\t\t\t\t\t\t\t\t\t\t\t<img loading=\"lazy\" decoding=\"async\" width=\"768\" height=\"307\" src=\"https:\/\/trias-solutions.li\/wp-content\/uploads\/2022\/11\/juergen_abstract_cable_structure_in_gold_an_athrazite_with_refl_a1210ee1-20f9-44ee-86a5-686f6dc435a9-768x307.png\" class=\"attachment-medium_large size-medium_large wp-image-777\" alt=\"\" srcset=\"https:\/\/trias-solutions.li\/wp-content\/uploads\/2022\/11\/juergen_abstract_cable_structure_in_gold_an_athrazite_with_refl_a1210ee1-20f9-44ee-86a5-686f6dc435a9-768x307.png 768w, https:\/\/trias-solutions.li\/wp-content\/uploads\/2022\/11\/juergen_abstract_cable_structure_in_gold_an_athrazite_with_refl_a1210ee1-20f9-44ee-86a5-686f6dc435a9-300x120.png 300w, https:\/\/trias-solutions.li\/wp-content\/uploads\/2022\/11\/juergen_abstract_cable_structure_in_gold_an_athrazite_with_refl_a1210ee1-20f9-44ee-86a5-686f6dc435a9-1024x410.png 1024w, https:\/\/trias-solutions.li\/wp-content\/uploads\/2022\/11\/juergen_abstract_cable_structure_in_gold_an_athrazite_with_refl_a1210ee1-20f9-44ee-86a5-686f6dc435a9-1536x614.png 1536w, https:\/\/trias-solutions.li\/wp-content\/uploads\/2022\/11\/juergen_abstract_cable_structure_in_gold_an_athrazite_with_refl_a1210ee1-20f9-44ee-86a5-686f6dc435a9-200x80.png 200w, https:\/\/trias-solutions.li\/wp-content\/uploads\/2022\/11\/juergen_abstract_cable_structure_in_gold_an_athrazite_with_refl_a1210ee1-20f9-44ee-86a5-686f6dc435a9-400x160.png 400w, https:\/\/trias-solutions.li\/wp-content\/uploads\/2022\/11\/juergen_abstract_cable_structure_in_gold_an_athrazite_with_refl_a1210ee1-20f9-44ee-86a5-686f6dc435a9-600x240.png 600w, https:\/\/trias-solutions.li\/wp-content\/uploads\/2022\/11\/juergen_abstract_cable_structure_in_gold_an_athrazite_with_refl_a1210ee1-20f9-44ee-86a5-686f6dc435a9-800x320.png 800w, https:\/\/trias-solutions.li\/wp-content\/uploads\/2022\/11\/juergen_abstract_cable_structure_in_gold_an_athrazite_with_refl_a1210ee1-20f9-44ee-86a5-686f6dc435a9-1200x480.png 1200w, https:\/\/trias-solutions.li\/wp-content\/uploads\/2022\/11\/juergen_abstract_cable_structure_in_gold_an_athrazite_with_refl_a1210ee1-20f9-44ee-86a5-686f6dc435a9-500x200.png 500w, https:\/\/trias-solutions.li\/wp-content\/uploads\/2022\/11\/juergen_abstract_cable_structure_in_gold_an_athrazite_with_refl_a1210ee1-20f9-44ee-86a5-686f6dc435a9-700x280.png 700w, https:\/\/trias-solutions.li\/wp-content\/uploads\/2022\/11\/juergen_abstract_cable_structure_in_gold_an_athrazite_with_refl_a1210ee1-20f9-44ee-86a5-686f6dc435a9.png 1920w\" sizes=\"(max-width: 768px) 100vw, 768px\" \/>\t\t\t\t\t\t\t\t\t\t\t\t\t\t\t<\/div>\n\t\t\t\t<\/div>\n\t\t\t\t\t<\/div>\n\t\t<\/div>\n\t\t\t\t\t\t\t<\/div>\n\t\t<\/section>\n\t\t\t\t<section data-particle_enable=\"false\" data-particle-mobile-disabled=\"false\" class=\"wd-negative-gap elementor-section elementor-top-section elementor-element elementor-element-281d5da elementor-section-boxed elementor-section-height-default elementor-section-height-default wd-section-disabled\" data-id=\"281d5da\" data-element_type=\"section\">\n\t\t\t\t\t\t<div class=\"elementor-container elementor-column-gap-default\">\n\t\t\t\t\t<div class=\"elementor-column elementor-col-50 elementor-top-column elementor-element elementor-element-6885f11\" data-id=\"6885f11\" data-element_type=\"column\">\n\t\t\t<div class=\"elementor-widget-wrap elementor-element-populated\">\n\t\t\t\t\t\t\t\t<div class=\"elementor-element elementor-element-6aebf28 wd-animation-slide-from-left wd-animation-slow elementor-hidden-mobile wd_delay_100 elementor-widget elementor-widget-image\" data-id=\"6aebf28\" data-element_type=\"widget\" data-widget_type=\"image.default\">\n\t\t\t\t<div class=\"elementor-widget-container\">\n\t\t\t\t\t\t\t\t\t\t\t\t\t\t\t<img loading=\"lazy\" decoding=\"async\" width=\"768\" height=\"307\" src=\"https:\/\/trias-solutions.li\/wp-content\/uploads\/2022\/12\/juergen_an_exploding_golden_object_very_bright_light_photoreali_131ced49-91de-40c7-92a5-8f5b829df25c-768x307.png\" class=\"attachment-medium_large size-medium_large wp-image-877\" alt=\"\" srcset=\"https:\/\/trias-solutions.li\/wp-content\/uploads\/2022\/12\/juergen_an_exploding_golden_object_very_bright_light_photoreali_131ced49-91de-40c7-92a5-8f5b829df25c-768x307.png 768w, https:\/\/trias-solutions.li\/wp-content\/uploads\/2022\/12\/juergen_an_exploding_golden_object_very_bright_light_photoreali_131ced49-91de-40c7-92a5-8f5b829df25c-300x120.png 300w, https:\/\/trias-solutions.li\/wp-content\/uploads\/2022\/12\/juergen_an_exploding_golden_object_very_bright_light_photoreali_131ced49-91de-40c7-92a5-8f5b829df25c-1024x410.png 1024w, https:\/\/trias-solutions.li\/wp-content\/uploads\/2022\/12\/juergen_an_exploding_golden_object_very_bright_light_photoreali_131ced49-91de-40c7-92a5-8f5b829df25c-1536x614.png 1536w, https:\/\/trias-solutions.li\/wp-content\/uploads\/2022\/12\/juergen_an_exploding_golden_object_very_bright_light_photoreali_131ced49-91de-40c7-92a5-8f5b829df25c.png 1920w\" sizes=\"(max-width: 768px) 100vw, 768px\" \/>\t\t\t\t\t\t\t\t\t\t\t\t\t\t\t<\/div>\n\t\t\t\t<\/div>\n\t\t\t\t\t<\/div>\n\t\t<\/div>\n\t\t\t\t<div class=\"elementor-column elementor-col-50 elementor-top-column elementor-element elementor-element-032f139\" data-id=\"032f139\" data-element_type=\"column\">\n\t\t\t<div class=\"elementor-widget-wrap elementor-element-populated\">\n\t\t\t\t\t\t\t\t<div class=\"elementor-element elementor-element-2c08b31 elementor-drop-cap-yes color-scheme-inherit text-left elementor-drop-cap-view-default elementor-widget elementor-widget-text-editor\" data-id=\"2c08b31\" data-element_type=\"widget\" data-settings=\"{&quot;drop_cap&quot;:&quot;yes&quot;}\" data-widget_type=\"text-editor.default\">\n\t\t\t\t<div class=\"elementor-widget-container\">\n\t\t\t\t\t\t\t<p>La protection rapproch\u00e9e peut \u00eatre assur\u00e9e avec ou sans armes selon le niveau de menace. \u00c0 la demande du client, il est possible de mettre \u00e0 disposition des v\u00e9hicules adapt\u00e9s ainsi que de v\u00e9rifier et de s\u00e9curiser des trajets et des lieux en amont ou en continu.<\/p><p>Dans ce domaine extr\u00eamement sensible, il va sans dire que nous faisons appel \u00e0 des collaborateurs qui ont non seulement \u00e9t\u00e9 sp\u00e9cialement form\u00e9s, mais qui disposent en outre de l\u2019exp\u00e9rience requise (anciens membres des unit\u00e9s sp\u00e9ciales, interventions dans des r\u00e9gions en crise et exp\u00e9rience avec des clients fortun\u00e9s) et savent r\u00e9agir en situation de crise.<\/p>\t\t\t\t\t\t<\/div>\n\t\t\t\t<\/div>\n\t\t\t\t\t<\/div>\n\t\t<\/div>\n\t\t\t\t\t\t\t<\/div>\n\t\t<\/section>\n\t\t\t\t\t\t\t<\/div>\n\t\t","protected":false},"excerpt":{"rendered":"<p>La Protective Intelligence (PI) est une m\u00e9thode proactive permettant l\u2019identification, l\u2019\u00e9valuation, la limitation et la pr\u00e9vention de menaces potentielles. Il<\/p>\n","protected":false},"author":4,"featured_media":0,"parent":1061,"menu_order":0,"comment_status":"closed","ping_status":"closed","template":"","meta":{"footnotes":""},"yoast_head":"<!-- This site is optimized with the Yoast SEO plugin v21.5 - https:\/\/yoast.com\/wordpress\/plugins\/seo\/ -->\n<title>Protection rapproch\u00e9e\u00a0\u2013 PI - Trias Solutions<\/title>\n<meta name=\"robots\" content=\"index, follow, max-snippet:-1, max-image-preview:large, max-video-preview:-1\" \/>\n<link rel=\"canonical\" href=\"https:\/\/trias-solutions.li\/fr\/prestations\/protection-rapprochee-pi\/\" \/>\n<meta property=\"og:locale\" content=\"fr_FR\" \/>\n<meta property=\"og:type\" content=\"article\" \/>\n<meta property=\"og:title\" content=\"Protection rapproch\u00e9e\u00a0\u2013 PI - Trias Solutions\" \/>\n<meta property=\"og:description\" content=\"La Protective Intelligence (PI) est une m\u00e9thode proactive permettant l\u2019identification, l\u2019\u00e9valuation, la limitation et la pr\u00e9vention de menaces potentielles. Il\" \/>\n<meta property=\"og:url\" content=\"https:\/\/trias-solutions.li\/fr\/prestations\/protection-rapprochee-pi\/\" \/>\n<meta property=\"og:site_name\" content=\"Trias Solutions\" \/>\n<meta property=\"article:modified_time\" content=\"2023-02-01T12:50:17+00:00\" \/>\n<meta property=\"og:image\" content=\"https:\/\/trias-solutions.li\/wp-content\/uploads\/2022\/11\/juergen_abstract_cable_structure_in_gold_an_athrazite_with_refl_a1210ee1-20f9-44ee-86a5-686f6dc435a9-768x307.png\" \/>\n<meta name=\"twitter:card\" content=\"summary_large_image\" \/>\n<meta name=\"twitter:label1\" content=\"Dur\u00e9e de lecture estim\u00e9e\" \/>\n\t<meta name=\"twitter:data1\" content=\"2 minutes\" \/>\n<script type=\"application\/ld+json\" class=\"yoast-schema-graph\">{\"@context\":\"https:\/\/schema.org\",\"@graph\":[{\"@type\":\"WebPage\",\"@id\":\"https:\/\/trias-solutions.li\/fr\/prestations\/protection-rapprochee-pi\/\",\"url\":\"https:\/\/trias-solutions.li\/fr\/prestations\/protection-rapprochee-pi\/\",\"name\":\"Protection rapproch\u00e9e\u00a0\u2013 PI - Trias Solutions\",\"isPartOf\":{\"@id\":\"https:\/\/trias-solutions.li\/#website\"},\"datePublished\":\"2022-12-12T07:57:28+00:00\",\"dateModified\":\"2023-02-01T12:50:17+00:00\",\"breadcrumb\":{\"@id\":\"https:\/\/trias-solutions.li\/fr\/prestations\/protection-rapprochee-pi\/#breadcrumb\"},\"inLanguage\":\"fr-FR\",\"potentialAction\":[{\"@type\":\"ReadAction\",\"target\":[\"https:\/\/trias-solutions.li\/fr\/prestations\/protection-rapprochee-pi\/\"]}]},{\"@type\":\"BreadcrumbList\",\"@id\":\"https:\/\/trias-solutions.li\/fr\/prestations\/protection-rapprochee-pi\/#breadcrumb\",\"itemListElement\":[{\"@type\":\"ListItem\",\"position\":1,\"name\":\"Startseite\",\"item\":\"https:\/\/trias-solutions.li\/fr\/\"},{\"@type\":\"ListItem\",\"position\":2,\"name\":\"Prestations\",\"item\":\"https:\/\/trias-solutions.li\/fr\/prestations\/\"},{\"@type\":\"ListItem\",\"position\":3,\"name\":\"Protection rapproch\u00e9e\u00a0\u2013 PI\"}]},{\"@type\":\"WebSite\",\"@id\":\"https:\/\/trias-solutions.li\/#website\",\"url\":\"https:\/\/trias-solutions.li\/\",\"name\":\"Trias Solutions\",\"description\":\"\",\"publisher\":{\"@id\":\"https:\/\/trias-solutions.li\/#organization\"},\"potentialAction\":[{\"@type\":\"SearchAction\",\"target\":{\"@type\":\"EntryPoint\",\"urlTemplate\":\"https:\/\/trias-solutions.li\/?s={search_term_string}\"},\"query-input\":\"required name=search_term_string\"}],\"inLanguage\":\"fr-FR\"},{\"@type\":\"Organization\",\"@id\":\"https:\/\/trias-solutions.li\/#organization\",\"name\":\"Trias Solutions\",\"url\":\"https:\/\/trias-solutions.li\/\",\"logo\":{\"@type\":\"ImageObject\",\"inLanguage\":\"fr-FR\",\"@id\":\"https:\/\/trias-solutions.li\/#\/schema\/logo\/image\/\",\"url\":\"https:\/\/trias-solutions.li\/wp-content\/uploads\/2022\/12\/Trias-Solutions-Logo-500x333-1.png\",\"contentUrl\":\"https:\/\/trias-solutions.li\/wp-content\/uploads\/2022\/12\/Trias-Solutions-Logo-500x333-1.png\",\"width\":500,\"height\":333,\"caption\":\"Trias Solutions\"},\"image\":{\"@id\":\"https:\/\/trias-solutions.li\/#\/schema\/logo\/image\/\"}}]}<\/script>\n<!-- \/ Yoast SEO plugin. -->","yoast_head_json":{"title":"Protection rapproch\u00e9e\u00a0\u2013 PI - Trias Solutions","robots":{"index":"index","follow":"follow","max-snippet":"max-snippet:-1","max-image-preview":"max-image-preview:large","max-video-preview":"max-video-preview:-1"},"canonical":"https:\/\/trias-solutions.li\/fr\/prestations\/protection-rapprochee-pi\/","og_locale":"fr_FR","og_type":"article","og_title":"Protection rapproch\u00e9e\u00a0\u2013 PI - Trias Solutions","og_description":"La Protective Intelligence (PI) est une m\u00e9thode proactive permettant l\u2019identification, l\u2019\u00e9valuation, la limitation et la pr\u00e9vention de menaces potentielles. Il","og_url":"https:\/\/trias-solutions.li\/fr\/prestations\/protection-rapprochee-pi\/","og_site_name":"Trias Solutions","article_modified_time":"2023-02-01T12:50:17+00:00","og_image":[{"url":"https:\/\/trias-solutions.li\/wp-content\/uploads\/2022\/11\/juergen_abstract_cable_structure_in_gold_an_athrazite_with_refl_a1210ee1-20f9-44ee-86a5-686f6dc435a9-768x307.png"}],"twitter_card":"summary_large_image","twitter_misc":{"Dur\u00e9e de lecture estim\u00e9e":"2 minutes"},"schema":{"@context":"https:\/\/schema.org","@graph":[{"@type":"WebPage","@id":"https:\/\/trias-solutions.li\/fr\/prestations\/protection-rapprochee-pi\/","url":"https:\/\/trias-solutions.li\/fr\/prestations\/protection-rapprochee-pi\/","name":"Protection rapproch\u00e9e\u00a0\u2013 PI - Trias Solutions","isPartOf":{"@id":"https:\/\/trias-solutions.li\/#website"},"datePublished":"2022-12-12T07:57:28+00:00","dateModified":"2023-02-01T12:50:17+00:00","breadcrumb":{"@id":"https:\/\/trias-solutions.li\/fr\/prestations\/protection-rapprochee-pi\/#breadcrumb"},"inLanguage":"fr-FR","potentialAction":[{"@type":"ReadAction","target":["https:\/\/trias-solutions.li\/fr\/prestations\/protection-rapprochee-pi\/"]}]},{"@type":"BreadcrumbList","@id":"https:\/\/trias-solutions.li\/fr\/prestations\/protection-rapprochee-pi\/#breadcrumb","itemListElement":[{"@type":"ListItem","position":1,"name":"Startseite","item":"https:\/\/trias-solutions.li\/fr\/"},{"@type":"ListItem","position":2,"name":"Prestations","item":"https:\/\/trias-solutions.li\/fr\/prestations\/"},{"@type":"ListItem","position":3,"name":"Protection rapproch\u00e9e\u00a0\u2013 PI"}]},{"@type":"WebSite","@id":"https:\/\/trias-solutions.li\/#website","url":"https:\/\/trias-solutions.li\/","name":"Trias Solutions","description":"","publisher":{"@id":"https:\/\/trias-solutions.li\/#organization"},"potentialAction":[{"@type":"SearchAction","target":{"@type":"EntryPoint","urlTemplate":"https:\/\/trias-solutions.li\/?s={search_term_string}"},"query-input":"required name=search_term_string"}],"inLanguage":"fr-FR"},{"@type":"Organization","@id":"https:\/\/trias-solutions.li\/#organization","name":"Trias Solutions","url":"https:\/\/trias-solutions.li\/","logo":{"@type":"ImageObject","inLanguage":"fr-FR","@id":"https:\/\/trias-solutions.li\/#\/schema\/logo\/image\/","url":"https:\/\/trias-solutions.li\/wp-content\/uploads\/2022\/12\/Trias-Solutions-Logo-500x333-1.png","contentUrl":"https:\/\/trias-solutions.li\/wp-content\/uploads\/2022\/12\/Trias-Solutions-Logo-500x333-1.png","width":500,"height":333,"caption":"Trias Solutions"},"image":{"@id":"https:\/\/trias-solutions.li\/#\/schema\/logo\/image\/"}}]}},"_links":{"self":[{"href":"https:\/\/trias-solutions.li\/fr\/wp-json\/wp\/v2\/pages\/1035"}],"collection":[{"href":"https:\/\/trias-solutions.li\/fr\/wp-json\/wp\/v2\/pages"}],"about":[{"href":"https:\/\/trias-solutions.li\/fr\/wp-json\/wp\/v2\/types\/page"}],"author":[{"embeddable":true,"href":"https:\/\/trias-solutions.li\/fr\/wp-json\/wp\/v2\/users\/4"}],"replies":[{"embeddable":true,"href":"https:\/\/trias-solutions.li\/fr\/wp-json\/wp\/v2\/comments?post=1035"}],"version-history":[{"count":0,"href":"https:\/\/trias-solutions.li\/fr\/wp-json\/wp\/v2\/pages\/1035\/revisions"}],"up":[{"embeddable":true,"href":"https:\/\/trias-solutions.li\/fr\/wp-json\/wp\/v2\/pages\/1061"}],"wp:attachment":[{"href":"https:\/\/trias-solutions.li\/fr\/wp-json\/wp\/v2\/media?parent=1035"}],"curies":[{"name":"wp","href":"https:\/\/api.w.org\/{rel}","templated":true}]}}