{"id":1025,"date":"2022-12-12T08:58:31","date_gmt":"2022-12-12T07:58:31","guid":{"rendered":"https:\/\/triasli.loftmynd.com\/drohnendetektion\/"},"modified":"2023-02-01T13:51:43","modified_gmt":"2023-02-01T12:51:43","slug":"detection-de-drones","status":"publish","type":"page","link":"https:\/\/trias-solutions.li\/fr\/prestations\/detection-de-drones\/","title":{"rendered":"D\u00e9tection de drones"},"content":{"rendered":"\t\t<div data-elementor-type=\"wp-page\" data-elementor-id=\"1025\" class=\"elementor elementor-1025 elementor-500\" data-elementor-post-type=\"page\">\n\t\t\t\t\t\t\t\t\t<section data-particle_enable=\"false\" data-particle-mobile-disabled=\"false\" class=\"wd-negative-gap elementor-section elementor-top-section elementor-element elementor-element-891b694 elementor-section-boxed elementor-section-height-default elementor-section-height-default wd-section-disabled\" data-id=\"891b694\" data-element_type=\"section\">\n\t\t\t\t\t\t<div class=\"elementor-container elementor-column-gap-default\">\n\t\t\t\t\t<div class=\"elementor-column elementor-col-50 elementor-top-column elementor-element elementor-element-ccd925d\" data-id=\"ccd925d\" data-element_type=\"column\">\n\t\t\t<div class=\"elementor-widget-wrap elementor-element-populated\">\n\t\t\t\t\t\t\t\t<div class=\"elementor-element elementor-element-9518562 elementor-drop-cap-yes color-scheme-inherit text-left elementor-drop-cap-view-default elementor-widget elementor-widget-text-editor\" data-id=\"9518562\" data-element_type=\"widget\" data-settings=\"{&quot;drop_cap&quot;:&quot;yes&quot;}\" data-widget_type=\"text-editor.default\">\n\t\t\t\t<div class=\"elementor-widget-container\">\n\t\t\t<style>\/*! elementor - v3.17.0 - 08-11-2023 *\/\n.elementor-widget-text-editor.elementor-drop-cap-view-stacked .elementor-drop-cap{background-color:#69727d;color:#fff}.elementor-widget-text-editor.elementor-drop-cap-view-framed .elementor-drop-cap{color:#69727d;border:3px solid;background-color:transparent}.elementor-widget-text-editor:not(.elementor-drop-cap-view-default) .elementor-drop-cap{margin-top:8px}.elementor-widget-text-editor:not(.elementor-drop-cap-view-default) .elementor-drop-cap-letter{width:1em;height:1em}.elementor-widget-text-editor .elementor-drop-cap{float:left;text-align:center;line-height:1;font-size:50px}.elementor-widget-text-editor .elementor-drop-cap-letter{display:inline-block}<\/style>\t\t\t\t<p>Drones are becoming increasingly popular as toys, for filming and photography, for the transport of goods and for military reconnaissance operations and attacks. However, the innovative possibilities that come with drones should not let us underestimate the safety risks that may result from their incorrect or careless use.<\/p><p>As technology advances, drones are not only becoming smaller, lighter and cheaper, but also more dangerous to critical infrastructure. Alarming incidents with high-performance drones, referred to as UAVs, occur daily all over the world. Equipped with high-resolution cameras, recording devices or air drop systems, drones create almost unlimited potential for espionage, surveillance and sabotage.<\/p>\t\t\t\t\t\t<\/div>\n\t\t\t\t<\/div>\n\t\t\t\t\t<\/div>\n\t\t<\/div>\n\t\t\t\t<div class=\"elementor-column elementor-col-50 elementor-top-column elementor-element elementor-element-08afa7a\" data-id=\"08afa7a\" data-element_type=\"column\">\n\t\t\t<div class=\"elementor-widget-wrap elementor-element-populated\">\n\t\t\t\t\t\t\t\t\t<link rel=\"stylesheet\" id=\"wd-animations-css\" href=\"https:\/\/trias-solutions.li\/wp-content\/themes\/woodmart\/css\/parts\/mod-animations.min.css?ver=7.0.4\" type=\"text\/css\" media=\"all\" \/> \t\t\t\t\t<div class=\"elementor-element elementor-element-ee0c135 wd-animation-slide-from-right wd-animation-slow wd_delay_100 elementor-widget elementor-widget-image\" data-id=\"ee0c135\" data-element_type=\"widget\" data-widget_type=\"image.default\">\n\t\t\t\t<div class=\"elementor-widget-container\">\n\t\t\t<style>\/*! elementor - v3.17.0 - 08-11-2023 *\/\n.elementor-widget-image{text-align:center}.elementor-widget-image a{display:inline-block}.elementor-widget-image a img[src$=\".svg\"]{width:48px}.elementor-widget-image img{vertical-align:middle;display:inline-block}<\/style>\t\t\t\t\t\t\t\t\t\t\t\t<img loading=\"lazy\" decoding=\"async\" width=\"768\" height=\"439\" src=\"https:\/\/trias-solutions.li\/wp-content\/uploads\/2022\/11\/juergen_abstract_landscape_in_gold_and_anthrazite_with_reflecti_993505b8-5edb-4ca1-a2bb-1935d4026a8b-768x439.png\" class=\"attachment-medium_large size-medium_large wp-image-798\" alt=\"\" srcset=\"https:\/\/trias-solutions.li\/wp-content\/uploads\/2022\/11\/juergen_abstract_landscape_in_gold_and_anthrazite_with_reflecti_993505b8-5edb-4ca1-a2bb-1935d4026a8b-768x439.png 768w, https:\/\/trias-solutions.li\/wp-content\/uploads\/2022\/11\/juergen_abstract_landscape_in_gold_and_anthrazite_with_reflecti_993505b8-5edb-4ca1-a2bb-1935d4026a8b-300x171.png 300w, https:\/\/trias-solutions.li\/wp-content\/uploads\/2022\/11\/juergen_abstract_landscape_in_gold_and_anthrazite_with_reflecti_993505b8-5edb-4ca1-a2bb-1935d4026a8b-1024x585.png 1024w, https:\/\/trias-solutions.li\/wp-content\/uploads\/2022\/11\/juergen_abstract_landscape_in_gold_and_anthrazite_with_reflecti_993505b8-5edb-4ca1-a2bb-1935d4026a8b-1536x878.png 1536w, https:\/\/trias-solutions.li\/wp-content\/uploads\/2022\/11\/juergen_abstract_landscape_in_gold_and_anthrazite_with_reflecti_993505b8-5edb-4ca1-a2bb-1935d4026a8b-200x114.png 200w, https:\/\/trias-solutions.li\/wp-content\/uploads\/2022\/11\/juergen_abstract_landscape_in_gold_and_anthrazite_with_reflecti_993505b8-5edb-4ca1-a2bb-1935d4026a8b-400x229.png 400w, https:\/\/trias-solutions.li\/wp-content\/uploads\/2022\/11\/juergen_abstract_landscape_in_gold_and_anthrazite_with_reflecti_993505b8-5edb-4ca1-a2bb-1935d4026a8b-600x343.png 600w, https:\/\/trias-solutions.li\/wp-content\/uploads\/2022\/11\/juergen_abstract_landscape_in_gold_and_anthrazite_with_reflecti_993505b8-5edb-4ca1-a2bb-1935d4026a8b-800x457.png 800w, https:\/\/trias-solutions.li\/wp-content\/uploads\/2022\/11\/juergen_abstract_landscape_in_gold_and_anthrazite_with_reflecti_993505b8-5edb-4ca1-a2bb-1935d4026a8b-1200x686.png 1200w, https:\/\/trias-solutions.li\/wp-content\/uploads\/2022\/11\/juergen_abstract_landscape_in_gold_and_anthrazite_with_reflecti_993505b8-5edb-4ca1-a2bb-1935d4026a8b-500x286.png 500w, https:\/\/trias-solutions.li\/wp-content\/uploads\/2022\/11\/juergen_abstract_landscape_in_gold_and_anthrazite_with_reflecti_993505b8-5edb-4ca1-a2bb-1935d4026a8b-700x400.png 700w, https:\/\/trias-solutions.li\/wp-content\/uploads\/2022\/11\/juergen_abstract_landscape_in_gold_and_anthrazite_with_reflecti_993505b8-5edb-4ca1-a2bb-1935d4026a8b.png 1792w\" sizes=\"(max-width: 768px) 100vw, 768px\" \/>\t\t\t\t\t\t\t\t\t\t\t\t\t\t\t<\/div>\n\t\t\t\t<\/div>\n\t\t\t\t\t<\/div>\n\t\t<\/div>\n\t\t\t\t\t\t\t<\/div>\n\t\t<\/section>\n\t\t\t\t<section data-particle_enable=\"false\" data-particle-mobile-disabled=\"false\" class=\"wd-negative-gap elementor-section elementor-top-section elementor-element elementor-element-2016f43 elementor-section-boxed elementor-section-height-default elementor-section-height-default wd-section-disabled\" data-id=\"2016f43\" data-element_type=\"section\">\n\t\t\t\t\t\t<div class=\"elementor-container elementor-column-gap-default\">\n\t\t\t\t\t<div class=\"elementor-column elementor-col-50 elementor-top-column elementor-element elementor-element-3101c62\" data-id=\"3101c62\" data-element_type=\"column\">\n\t\t\t<div class=\"elementor-widget-wrap elementor-element-populated\">\n\t\t\t\t\t\t\t\t<div class=\"elementor-element elementor-element-277fd93 wd-animation-slide-from-left wd-animation-slow elementor-hidden-mobile wd_delay_100 elementor-widget elementor-widget-image\" data-id=\"277fd93\" data-element_type=\"widget\" data-widget_type=\"image.default\">\n\t\t\t\t<div class=\"elementor-widget-container\">\n\t\t\t\t\t\t\t\t\t\t\t\t\t\t\t<img loading=\"lazy\" decoding=\"async\" width=\"768\" height=\"307\" src=\"https:\/\/trias-solutions.li\/wp-content\/uploads\/2022\/12\/juergen_an_exploding_golden_object_very_bright_light_photoreali_131ced49-91de-40c7-92a5-8f5b829df25c-768x307.png\" class=\"attachment-medium_large size-medium_large wp-image-877\" alt=\"\" srcset=\"https:\/\/trias-solutions.li\/wp-content\/uploads\/2022\/12\/juergen_an_exploding_golden_object_very_bright_light_photoreali_131ced49-91de-40c7-92a5-8f5b829df25c-768x307.png 768w, https:\/\/trias-solutions.li\/wp-content\/uploads\/2022\/12\/juergen_an_exploding_golden_object_very_bright_light_photoreali_131ced49-91de-40c7-92a5-8f5b829df25c-300x120.png 300w, https:\/\/trias-solutions.li\/wp-content\/uploads\/2022\/12\/juergen_an_exploding_golden_object_very_bright_light_photoreali_131ced49-91de-40c7-92a5-8f5b829df25c-1024x410.png 1024w, https:\/\/trias-solutions.li\/wp-content\/uploads\/2022\/12\/juergen_an_exploding_golden_object_very_bright_light_photoreali_131ced49-91de-40c7-92a5-8f5b829df25c-1536x614.png 1536w, https:\/\/trias-solutions.li\/wp-content\/uploads\/2022\/12\/juergen_an_exploding_golden_object_very_bright_light_photoreali_131ced49-91de-40c7-92a5-8f5b829df25c.png 1920w\" sizes=\"(max-width: 768px) 100vw, 768px\" \/>\t\t\t\t\t\t\t\t\t\t\t\t\t\t\t<\/div>\n\t\t\t\t<\/div>\n\t\t\t\t\t<\/div>\n\t\t<\/div>\n\t\t\t\t<div class=\"elementor-column elementor-col-50 elementor-top-column elementor-element elementor-element-e5b2757\" data-id=\"e5b2757\" data-element_type=\"column\">\n\t\t\t<div class=\"elementor-widget-wrap elementor-element-populated\">\n\t\t\t\t\t\t\t\t<div class=\"elementor-element elementor-element-4043619 elementor-drop-cap-yes color-scheme-inherit text-left elementor-drop-cap-view-default elementor-widget elementor-widget-text-editor\" data-id=\"4043619\" data-element_type=\"widget\" data-settings=\"{&quot;drop_cap&quot;:&quot;yes&quot;}\" data-widget_type=\"text-editor.default\">\n\t\t\t\t<div class=\"elementor-widget-container\">\n\t\t\t\t\t\t\t<p><br \/>Les UAV \u00e9tant capables de porter des charges de plus en plus lourdes (compar\u00e9 \u00e0 leur propre poids), les attaquants peuvent d\u00e9poser avec pr\u00e9cision et rapidit\u00e9 des objets dangereux de mani\u00e8re quasiment silencieuse. Il peut par exemple s\u2019agir d\u2019explosifs, d\u2019appareils de mise sur \u00e9coute ou encore de renifleurs Wi-Fi.<\/p><p>TRIAS\u00a0Solutions propose des solutions compl\u00e8tes pour les sites d\u2019entreprises et leurs si\u00e8ges, les a\u00e9roports, les ports, les infrastructures critiques, les yachts, la protection aux fronti\u00e8res, les \u00e9tablissements p\u00e9nitentiaires, les personnes fortun\u00e9es (HNWI) ainsi que l\u2019arm\u00e9e et la police. Nous mettons \u00e9galement \u00e0 la disposition de nos clients des services de conseil complets ainsi qu\u2019un syst\u00e8me automatis\u00e9 capable de d\u00e9tecter, de suivre et si n\u00e9cessaire de bloquer les drones p\u00e9n\u00e9trant dans un couloir pr\u00e9d\u00e9fini.<\/p>\t\t\t\t\t\t<\/div>\n\t\t\t\t<\/div>\n\t\t\t\t\t<\/div>\n\t\t<\/div>\n\t\t\t\t\t\t\t<\/div>\n\t\t<\/section>\n\t\t\t\t\t\t\t<\/div>\n\t\t","protected":false},"excerpt":{"rendered":"<p>Drones are becoming increasingly popular as toys, for filming and photography, for the transport of goods and for military reconnaissance<\/p>\n","protected":false},"author":4,"featured_media":0,"parent":1061,"menu_order":0,"comment_status":"closed","ping_status":"closed","template":"","meta":{"footnotes":""},"yoast_head":"<!-- This site is optimized with the Yoast SEO plugin v21.5 - https:\/\/yoast.com\/wordpress\/plugins\/seo\/ -->\n<title>D\u00e9tection de drones - Trias Solutions<\/title>\n<meta name=\"robots\" content=\"index, follow, max-snippet:-1, max-image-preview:large, max-video-preview:-1\" \/>\n<link rel=\"canonical\" href=\"https:\/\/trias-solutions.li\/fr\/prestations\/detection-de-drones\/\" \/>\n<meta property=\"og:locale\" content=\"fr_FR\" \/>\n<meta property=\"og:type\" content=\"article\" \/>\n<meta property=\"og:title\" content=\"D\u00e9tection de drones - Trias Solutions\" \/>\n<meta property=\"og:description\" content=\"Drones are becoming increasingly popular as toys, for filming and photography, for the transport of goods and for military reconnaissance\" \/>\n<meta property=\"og:url\" content=\"https:\/\/trias-solutions.li\/fr\/prestations\/detection-de-drones\/\" \/>\n<meta property=\"og:site_name\" content=\"Trias Solutions\" \/>\n<meta property=\"article:modified_time\" content=\"2023-02-01T12:51:43+00:00\" \/>\n<meta property=\"og:image\" content=\"https:\/\/trias-solutions.li\/wp-content\/uploads\/2022\/11\/juergen_abstract_landscape_in_gold_and_anthrazite_with_reflecti_993505b8-5edb-4ca1-a2bb-1935d4026a8b-768x439.png\" \/>\n<meta name=\"twitter:card\" content=\"summary_large_image\" \/>\n<meta name=\"twitter:label1\" content=\"Dur\u00e9e de lecture estim\u00e9e\" \/>\n\t<meta name=\"twitter:data1\" content=\"2 minutes\" \/>\n<script type=\"application\/ld+json\" class=\"yoast-schema-graph\">{\"@context\":\"https:\/\/schema.org\",\"@graph\":[{\"@type\":\"WebPage\",\"@id\":\"https:\/\/trias-solutions.li\/fr\/prestations\/detection-de-drones\/\",\"url\":\"https:\/\/trias-solutions.li\/fr\/prestations\/detection-de-drones\/\",\"name\":\"D\u00e9tection de drones - Trias Solutions\",\"isPartOf\":{\"@id\":\"https:\/\/trias-solutions.li\/#website\"},\"datePublished\":\"2022-12-12T07:58:31+00:00\",\"dateModified\":\"2023-02-01T12:51:43+00:00\",\"breadcrumb\":{\"@id\":\"https:\/\/trias-solutions.li\/fr\/prestations\/detection-de-drones\/#breadcrumb\"},\"inLanguage\":\"fr-FR\",\"potentialAction\":[{\"@type\":\"ReadAction\",\"target\":[\"https:\/\/trias-solutions.li\/fr\/prestations\/detection-de-drones\/\"]}]},{\"@type\":\"BreadcrumbList\",\"@id\":\"https:\/\/trias-solutions.li\/fr\/prestations\/detection-de-drones\/#breadcrumb\",\"itemListElement\":[{\"@type\":\"ListItem\",\"position\":1,\"name\":\"Startseite\",\"item\":\"https:\/\/trias-solutions.li\/fr\/\"},{\"@type\":\"ListItem\",\"position\":2,\"name\":\"Prestations\",\"item\":\"https:\/\/trias-solutions.li\/fr\/prestations\/\"},{\"@type\":\"ListItem\",\"position\":3,\"name\":\"D\u00e9tection de drones\"}]},{\"@type\":\"WebSite\",\"@id\":\"https:\/\/trias-solutions.li\/#website\",\"url\":\"https:\/\/trias-solutions.li\/\",\"name\":\"Trias Solutions\",\"description\":\"\",\"publisher\":{\"@id\":\"https:\/\/trias-solutions.li\/#organization\"},\"potentialAction\":[{\"@type\":\"SearchAction\",\"target\":{\"@type\":\"EntryPoint\",\"urlTemplate\":\"https:\/\/trias-solutions.li\/?s={search_term_string}\"},\"query-input\":\"required name=search_term_string\"}],\"inLanguage\":\"fr-FR\"},{\"@type\":\"Organization\",\"@id\":\"https:\/\/trias-solutions.li\/#organization\",\"name\":\"Trias Solutions\",\"url\":\"https:\/\/trias-solutions.li\/\",\"logo\":{\"@type\":\"ImageObject\",\"inLanguage\":\"fr-FR\",\"@id\":\"https:\/\/trias-solutions.li\/#\/schema\/logo\/image\/\",\"url\":\"https:\/\/trias-solutions.li\/wp-content\/uploads\/2022\/12\/Trias-Solutions-Logo-500x333-1.png\",\"contentUrl\":\"https:\/\/trias-solutions.li\/wp-content\/uploads\/2022\/12\/Trias-Solutions-Logo-500x333-1.png\",\"width\":500,\"height\":333,\"caption\":\"Trias Solutions\"},\"image\":{\"@id\":\"https:\/\/trias-solutions.li\/#\/schema\/logo\/image\/\"}}]}<\/script>\n<!-- \/ Yoast SEO plugin. -->","yoast_head_json":{"title":"D\u00e9tection de drones - Trias Solutions","robots":{"index":"index","follow":"follow","max-snippet":"max-snippet:-1","max-image-preview":"max-image-preview:large","max-video-preview":"max-video-preview:-1"},"canonical":"https:\/\/trias-solutions.li\/fr\/prestations\/detection-de-drones\/","og_locale":"fr_FR","og_type":"article","og_title":"D\u00e9tection de drones - Trias Solutions","og_description":"Drones are becoming increasingly popular as toys, for filming and photography, for the transport of goods and for military reconnaissance","og_url":"https:\/\/trias-solutions.li\/fr\/prestations\/detection-de-drones\/","og_site_name":"Trias Solutions","article_modified_time":"2023-02-01T12:51:43+00:00","og_image":[{"url":"https:\/\/trias-solutions.li\/wp-content\/uploads\/2022\/11\/juergen_abstract_landscape_in_gold_and_anthrazite_with_reflecti_993505b8-5edb-4ca1-a2bb-1935d4026a8b-768x439.png"}],"twitter_card":"summary_large_image","twitter_misc":{"Dur\u00e9e de lecture estim\u00e9e":"2 minutes"},"schema":{"@context":"https:\/\/schema.org","@graph":[{"@type":"WebPage","@id":"https:\/\/trias-solutions.li\/fr\/prestations\/detection-de-drones\/","url":"https:\/\/trias-solutions.li\/fr\/prestations\/detection-de-drones\/","name":"D\u00e9tection de drones - Trias Solutions","isPartOf":{"@id":"https:\/\/trias-solutions.li\/#website"},"datePublished":"2022-12-12T07:58:31+00:00","dateModified":"2023-02-01T12:51:43+00:00","breadcrumb":{"@id":"https:\/\/trias-solutions.li\/fr\/prestations\/detection-de-drones\/#breadcrumb"},"inLanguage":"fr-FR","potentialAction":[{"@type":"ReadAction","target":["https:\/\/trias-solutions.li\/fr\/prestations\/detection-de-drones\/"]}]},{"@type":"BreadcrumbList","@id":"https:\/\/trias-solutions.li\/fr\/prestations\/detection-de-drones\/#breadcrumb","itemListElement":[{"@type":"ListItem","position":1,"name":"Startseite","item":"https:\/\/trias-solutions.li\/fr\/"},{"@type":"ListItem","position":2,"name":"Prestations","item":"https:\/\/trias-solutions.li\/fr\/prestations\/"},{"@type":"ListItem","position":3,"name":"D\u00e9tection de drones"}]},{"@type":"WebSite","@id":"https:\/\/trias-solutions.li\/#website","url":"https:\/\/trias-solutions.li\/","name":"Trias Solutions","description":"","publisher":{"@id":"https:\/\/trias-solutions.li\/#organization"},"potentialAction":[{"@type":"SearchAction","target":{"@type":"EntryPoint","urlTemplate":"https:\/\/trias-solutions.li\/?s={search_term_string}"},"query-input":"required name=search_term_string"}],"inLanguage":"fr-FR"},{"@type":"Organization","@id":"https:\/\/trias-solutions.li\/#organization","name":"Trias Solutions","url":"https:\/\/trias-solutions.li\/","logo":{"@type":"ImageObject","inLanguage":"fr-FR","@id":"https:\/\/trias-solutions.li\/#\/schema\/logo\/image\/","url":"https:\/\/trias-solutions.li\/wp-content\/uploads\/2022\/12\/Trias-Solutions-Logo-500x333-1.png","contentUrl":"https:\/\/trias-solutions.li\/wp-content\/uploads\/2022\/12\/Trias-Solutions-Logo-500x333-1.png","width":500,"height":333,"caption":"Trias Solutions"},"image":{"@id":"https:\/\/trias-solutions.li\/#\/schema\/logo\/image\/"}}]}},"_links":{"self":[{"href":"https:\/\/trias-solutions.li\/fr\/wp-json\/wp\/v2\/pages\/1025"}],"collection":[{"href":"https:\/\/trias-solutions.li\/fr\/wp-json\/wp\/v2\/pages"}],"about":[{"href":"https:\/\/trias-solutions.li\/fr\/wp-json\/wp\/v2\/types\/page"}],"author":[{"embeddable":true,"href":"https:\/\/trias-solutions.li\/fr\/wp-json\/wp\/v2\/users\/4"}],"replies":[{"embeddable":true,"href":"https:\/\/trias-solutions.li\/fr\/wp-json\/wp\/v2\/comments?post=1025"}],"version-history":[{"count":0,"href":"https:\/\/trias-solutions.li\/fr\/wp-json\/wp\/v2\/pages\/1025\/revisions"}],"up":[{"embeddable":true,"href":"https:\/\/trias-solutions.li\/fr\/wp-json\/wp\/v2\/pages\/1061"}],"wp:attachment":[{"href":"https:\/\/trias-solutions.li\/fr\/wp-json\/wp\/v2\/media?parent=1025"}],"curies":[{"name":"wp","href":"https:\/\/api.w.org\/{rel}","templated":true}]}}